{"id":17539,"date":"2018-09-19T00:00:00","date_gmt":"2018-08-23T22:00:00","guid":{"rendered":"https:\/\/promz.be\/product\/fouta-hamam\/"},"modified":"2019-01-09T10:17:27","modified_gmt":"2019-01-09T09:17:27","slug":"fouta-hamam","status":"publish","type":"product","link":"https:\/\/promz.be\/fr\/product\/fouta-hamam\/","title":{"rendered":"Fouta Hamam"},"content":{"rendered":"<p>Drap de bain Hamam ou Fouta, souvent utilis\u00e9 dans les Hamams Turques, aussi id\u00e9al pour le sauna, comme drap de plage ou dans votre salle de bain. Ce drap de bain est tr\u00e8s souple et absorbant, et s\u00e8che rapidement.<br \/>\nPoids: 400 gr\/m2<br \/>\nQualit\u00e9: 100% katoen<\/p>\n","protected":false},"excerpt":{"rendered":"<p>Drap de bain Hamam ou Fouta, souvent utilis\u00e9 dans les Hamams Turques, aussi id\u00e9al pour le sauna, comme drap de plage ou dans votre salle de bain. Ce drap de bain est tr\u00e8s souple et absorbant, et s\u00e8che rapidement.<br \/>\nPoids: 400 gr\/m2<br \/>\nQualit\u00e9: 100% katoen [&#8230;]<\/p>\n<p><a class=\"btn btn-secondary understrap-read-more-link\" href=\"https:\/\/promz.be\/fr\/product\/fouta-hamam\/\">Lire la suite&#8230;<\/a><\/p>\n","protected":false},"featured_media":17714,"comment_status":"closed","ping_status":"closed","template":"","meta":[],"product_cat":[1014,954],"product_tag":[],"_links":{"self":[{"href":"https:\/\/promz.be\/fr\/wp-json\/wp\/v2\/product\/17539"}],"collection":[{"href":"https:\/\/promz.be\/fr\/wp-json\/wp\/v2\/product"}],"about":[{"href":"https:\/\/promz.be\/fr\/wp-json\/wp\/v2\/types\/product"}],"replies":[{"embeddable":true,"href":"https:\/\/promz.be\/fr\/wp-json\/wp\/v2\/comments?post=17539"}],"wp:featuredmedia":[{"embeddable":true,"href":"https:\/\/promz.be\/fr\/wp-json\/wp\/v2\/media\/17714"}],"wp:attachment":[{"href":"https:\/\/promz.be\/fr\/wp-json\/wp\/v2\/media?parent=17539"}],"wp:term":[{"taxonomy":"product_cat","embeddable":true,"href":"https:\/\/promz.be\/fr\/wp-json\/wp\/v2\/product_cat?post=17539"},{"taxonomy":"product_tag","embeddable":true,"href":"https:\/\/promz.be\/fr\/wp-json\/wp\/v2\/product_tag?post=17539"}],"curies":[{"name":"wp","href":"https:\/\/api.w.org\/{rel}","templated":true}]}}