{"id":17540,"date":"2018-06-27T00:00:00","date_gmt":"2018-06-26T22:00:00","guid":{"rendered":"https:\/\/promz.be\/product\/draps-de-plage-zerotwist\/"},"modified":"2020-07-20T14:28:50","modified_gmt":"2020-07-20T12:28:50","slug":"draps-de-plage-zerotwist","status":"publish","type":"product","link":"https:\/\/promz.be\/fr\/product\/draps-de-plage-zerotwist\/","title":{"rendered":"Draps de Plage Zerotwist"},"content":{"rendered":"<p>Les draps de plage Zerotwist de Clarysse sont tiss\u00e9s en Belgique avec une technique sp\u00e9cifique qui donne un douceur et absorption extraordinaire au boucles du drap.<br \/>\nCes draps de plage ont un dessin classique en combinaison avec un confort tr\u00e8s \u00e9lev\u00e9.<\/p>\n","protected":false},"excerpt":{"rendered":"<p>Les draps de plage Zerotwist de Clarysse sont tiss\u00e9s en Belgique avec une technique sp\u00e9cifique qui donne un douceur et absorption extraordinaire au boucles du drap.<br \/>\nCes draps de plage ont un dessin classique en combinaison avec un confort tr\u00e8s \u00e9lev\u00e9. [&#8230;]<\/p>\n<p><a class=\"btn btn-secondary understrap-read-more-link\" href=\"https:\/\/promz.be\/fr\/product\/draps-de-plage-zerotwist\/\">Lire la suite&#8230;<\/a><\/p>\n","protected":false},"featured_media":17587,"comment_status":"closed","ping_status":"closed","template":"","meta":[],"product_cat":[1014,954],"product_tag":[],"_links":{"self":[{"href":"https:\/\/promz.be\/fr\/wp-json\/wp\/v2\/product\/17540"}],"collection":[{"href":"https:\/\/promz.be\/fr\/wp-json\/wp\/v2\/product"}],"about":[{"href":"https:\/\/promz.be\/fr\/wp-json\/wp\/v2\/types\/product"}],"replies":[{"embeddable":true,"href":"https:\/\/promz.be\/fr\/wp-json\/wp\/v2\/comments?post=17540"}],"wp:featuredmedia":[{"embeddable":true,"href":"https:\/\/promz.be\/fr\/wp-json\/wp\/v2\/media\/17587"}],"wp:attachment":[{"href":"https:\/\/promz.be\/fr\/wp-json\/wp\/v2\/media?parent=17540"}],"wp:term":[{"taxonomy":"product_cat","embeddable":true,"href":"https:\/\/promz.be\/fr\/wp-json\/wp\/v2\/product_cat?post=17540"},{"taxonomy":"product_tag","embeddable":true,"href":"https:\/\/promz.be\/fr\/wp-json\/wp\/v2\/product_tag?post=17540"}],"curies":[{"name":"wp","href":"https:\/\/api.w.org\/{rel}","templated":true}]}}