{"id":17541,"date":"2018-06-18T00:00:00","date_gmt":"2018-06-17T22:00:00","guid":{"rendered":"https:\/\/promz.be\/product\/draps-de-plage-velours\/"},"modified":"2020-07-20T14:28:30","modified_gmt":"2020-07-20T12:28:30","slug":"draps-de-plage-velours","status":"publish","type":"product","link":"https:\/\/promz.be\/fr\/product\/draps-de-plage-velours\/","title":{"rendered":"Draps de Plage Velours"},"content":{"rendered":"<p>Les draps de bain Velours sont tiss\u00e9s comme un drap normal. Puis, les boucles sont ras\u00e9, ce qui donne un douceur \u00e9norme. Le drap parfait pour vous bronzer !<\/p>\n","protected":false},"excerpt":{"rendered":"<p>Les draps de bain Velours sont tiss\u00e9s comme un drap normal. Puis, les boucles sont ras\u00e9, ce qui donne un douceur \u00e9norme. Le drap parfait pour vous bronzer ! [&#8230;]<\/p>\n<p><a class=\"btn btn-secondary understrap-read-more-link\" href=\"https:\/\/promz.be\/fr\/product\/draps-de-plage-velours\/\">Lire la suite&#8230;<\/a><\/p>\n","protected":false},"featured_media":17702,"comment_status":"closed","ping_status":"closed","template":"","meta":[],"product_cat":[1014,954],"product_tag":[],"_links":{"self":[{"href":"https:\/\/promz.be\/fr\/wp-json\/wp\/v2\/product\/17541"}],"collection":[{"href":"https:\/\/promz.be\/fr\/wp-json\/wp\/v2\/product"}],"about":[{"href":"https:\/\/promz.be\/fr\/wp-json\/wp\/v2\/types\/product"}],"replies":[{"embeddable":true,"href":"https:\/\/promz.be\/fr\/wp-json\/wp\/v2\/comments?post=17541"}],"wp:featuredmedia":[{"embeddable":true,"href":"https:\/\/promz.be\/fr\/wp-json\/wp\/v2\/media\/17702"}],"wp:attachment":[{"href":"https:\/\/promz.be\/fr\/wp-json\/wp\/v2\/media?parent=17541"}],"wp:term":[{"taxonomy":"product_cat","embeddable":true,"href":"https:\/\/promz.be\/fr\/wp-json\/wp\/v2\/product_cat?post=17541"},{"taxonomy":"product_tag","embeddable":true,"href":"https:\/\/promz.be\/fr\/wp-json\/wp\/v2\/product_tag?post=17541"}],"curies":[{"name":"wp","href":"https:\/\/api.w.org\/{rel}","templated":true}]}}