{"id":17542,"date":"2018-08-06T00:00:00","date_gmt":"2018-09-16T22:00:00","guid":{"rendered":"https:\/\/promz.be\/product\/draps-de-plage-imprime\/"},"modified":"2019-01-09T10:33:18","modified_gmt":"2019-01-09T09:33:18","slug":"draps-de-plage-imprime","status":"publish","type":"product","link":"https:\/\/promz.be\/fr\/product\/draps-de-plage-imprime\/","title":{"rendered":"Draps de Plage Imprim\u00e9"},"content":{"rendered":"<p>Drap de plage imprim\u00e9s avec des dessins trendy, pour tous les go\u00fbts ! parfaits pour vous d\u00e9tendre \u00e0 la plage !<\/p>\n","protected":false},"excerpt":{"rendered":"<p>Drap de plage imprim\u00e9s avec des dessins trendy, pour tous les go\u00fbts ! parfaits pour vous d\u00e9tendre \u00e0 la plage ! [&#8230;]<\/p>\n<p><a class=\"btn btn-secondary understrap-read-more-link\" href=\"https:\/\/promz.be\/fr\/product\/draps-de-plage-imprime\/\">Lire la suite&#8230;<\/a><\/p>\n","protected":false},"featured_media":17655,"comment_status":"closed","ping_status":"closed","template":"","meta":[],"product_cat":[1014,954],"product_tag":[],"_links":{"self":[{"href":"https:\/\/promz.be\/fr\/wp-json\/wp\/v2\/product\/17542"}],"collection":[{"href":"https:\/\/promz.be\/fr\/wp-json\/wp\/v2\/product"}],"about":[{"href":"https:\/\/promz.be\/fr\/wp-json\/wp\/v2\/types\/product"}],"replies":[{"embeddable":true,"href":"https:\/\/promz.be\/fr\/wp-json\/wp\/v2\/comments?post=17542"}],"wp:featuredmedia":[{"embeddable":true,"href":"https:\/\/promz.be\/fr\/wp-json\/wp\/v2\/media\/17655"}],"wp:attachment":[{"href":"https:\/\/promz.be\/fr\/wp-json\/wp\/v2\/media?parent=17542"}],"wp:term":[{"taxonomy":"product_cat","embeddable":true,"href":"https:\/\/promz.be\/fr\/wp-json\/wp\/v2\/product_cat?post=17542"},{"taxonomy":"product_tag","embeddable":true,"href":"https:\/\/promz.be\/fr\/wp-json\/wp\/v2\/product_tag?post=17542"}],"curies":[{"name":"wp","href":"https:\/\/api.w.org\/{rel}","templated":true}]}}