{"id":17792,"date":"2018-11-20T00:00:00","date_gmt":"2018-11-19T23:00:00","guid":{"rendered":"https:\/\/promz.be\/product\/serviette-sport-microfibre-2\/"},"modified":"2018-11-20T00:00:00","modified_gmt":"2018-11-19T23:00:00","slug":"serviette-sport-microfibre-2","status":"publish","type":"product","link":"https:\/\/promz.be\/fr\/product\/serviette-sport-microfibre-2\/","title":{"rendered":"Serviette Sport Microfibre"},"content":{"rendered":"<p>Notre toute nouvelle &#8220;serviette en microfibre&#8221; est id\u00e9ale pour une utilisation dans le sport, pour vos aventures en plein air ou lorsque vous voyagez. La serviette de sport est tr\u00e8s compacte, a un faible poids, s\u00e8che rapidement, a une capacit\u00e9 d&#8217;absorption \u00e9lev\u00e9e et en plus les qualit\u00e9s d&#8217;une serviette ordinaire. Disponible en 4 couleurs unicolores et magnifiquement fini avec un biais contrast\u00e9 et un subtil &#8220;C&#8221; en relief. Vous pouvez facilement l\u2019enrouler \u00e0 l&#8217;aide d&#8217;une sangle pratique. Les serviettes sport peuvent parfaitement \u00eatre combin\u00e9es avec nos gammes unis Talis ou Viva. Tendance, qualitatif et facile \u00e0 emporter !<br \/>\nPoids: 200 gr\/m2<br \/>\nQualit\u00e9: 85% polyester 15% polyamide<\/p>\n","protected":false},"excerpt":{"rendered":"<p>Notre toute nouvelle &#8220;serviette en microfibre&#8221; est id\u00e9ale pour une utilisation dans le sport, pour vos aventures en plein air ou lorsque vous voyagez. La serviette de sport est tr\u00e8s compacte, a un faible poids, s\u00e8che rapidement, a une capacit\u00e9 d&#8217;absorption \u00e9lev\u00e9e et en plus les qualit\u00e9s d&#8217;une serviette ordinaire. Disponible en 4 couleurs unicolores et magnifiquement fini avec un biais contrast\u00e9 et un subtil &#8220;C&#8221; en relief. Vous pouvez facilement l\u2019enrouler \u00e0 l&#8217;aide d&#8217;une sangle pratique. Les serviettes sport peuvent parfaitement \u00eatre combin\u00e9es avec nos gammes unis Talis ou Viva. Tendance, qualitatif et facile \u00e0 emporter !<br \/>\nPoids: 200 gr\/m2<br \/>\nQualit\u00e9: 85% polyester 15% polyamide [&#8230;]<\/p>\n<p><a class=\"btn btn-secondary understrap-read-more-link\" href=\"https:\/\/promz.be\/fr\/product\/serviette-sport-microfibre-2\/\">Lire la suite&#8230;<\/a><\/p>\n","protected":false},"featured_media":17627,"comment_status":"closed","ping_status":"closed","template":"","meta":[],"product_cat":[1014,954],"product_tag":[],"_links":{"self":[{"href":"https:\/\/promz.be\/fr\/wp-json\/wp\/v2\/product\/17792"}],"collection":[{"href":"https:\/\/promz.be\/fr\/wp-json\/wp\/v2\/product"}],"about":[{"href":"https:\/\/promz.be\/fr\/wp-json\/wp\/v2\/types\/product"}],"replies":[{"embeddable":true,"href":"https:\/\/promz.be\/fr\/wp-json\/wp\/v2\/comments?post=17792"}],"wp:featuredmedia":[{"embeddable":true,"href":"https:\/\/promz.be\/fr\/wp-json\/wp\/v2\/media\/17627"}],"wp:attachment":[{"href":"https:\/\/promz.be\/fr\/wp-json\/wp\/v2\/media?parent=17792"}],"wp:term":[{"taxonomy":"product_cat","embeddable":true,"href":"https:\/\/promz.be\/fr\/wp-json\/wp\/v2\/product_cat?post=17792"},{"taxonomy":"product_tag","embeddable":true,"href":"https:\/\/promz.be\/fr\/wp-json\/wp\/v2\/product_tag?post=17792"}],"curies":[{"name":"wp","href":"https:\/\/api.w.org\/{rel}","templated":true}]}}