{"id":17907,"date":"2018-09-20T00:00:00","date_gmt":"2018-07-23T22:00:00","guid":{"rendered":"https:\/\/promz.be\/product\/am119-platinum-mini-2-solar-charger\/"},"modified":"2019-01-11T15:11:07","modified_gmt":"2019-01-11T14:11:07","slug":"am119-platinum-mini-2-solar-charger","status":"publish","type":"product","link":"https:\/\/promz.be\/fr\/product\/am119-platinum-mini-2-solar-charger\/","title":{"rendered":"AM119 Platinum Mini 2 solar charger"},"content":{"rendered":"<p>Le chargeur solaire Platinum Mini 2 recharge vos appareils n&#8217;importe o\u00f9. Le chargeur Platinum Mini 2 se recharge par port USB ou \u00e0 l&#8217;aide du panneau solaire int\u00e9gr\u00e9.<\/p>\n","protected":false},"excerpt":{"rendered":"<p>Le chargeur solaire Platinum Mini 2 recharge vos appareils n&#8217;importe o\u00f9. Le chargeur Platinum Mini 2 se recharge par port USB ou \u00e0 l&#8217;aide du panneau solaire int\u00e9gr\u00e9. [&#8230;]<\/p>\n<p><a class=\"btn btn-secondary understrap-read-more-link\" href=\"https:\/\/promz.be\/fr\/product\/am119-platinum-mini-2-solar-charger\/\">Lire la suite&#8230;<\/a><\/p>\n","protected":false},"featured_media":18944,"comment_status":"closed","ping_status":"closed","template":"","meta":[],"product_cat":[1006,956],"product_tag":[6149],"_links":{"self":[{"href":"https:\/\/promz.be\/fr\/wp-json\/wp\/v2\/product\/17907"}],"collection":[{"href":"https:\/\/promz.be\/fr\/wp-json\/wp\/v2\/product"}],"about":[{"href":"https:\/\/promz.be\/fr\/wp-json\/wp\/v2\/types\/product"}],"replies":[{"embeddable":true,"href":"https:\/\/promz.be\/fr\/wp-json\/wp\/v2\/comments?post=17907"}],"wp:featuredmedia":[{"embeddable":true,"href":"https:\/\/promz.be\/fr\/wp-json\/wp\/v2\/media\/18944"}],"wp:attachment":[{"href":"https:\/\/promz.be\/fr\/wp-json\/wp\/v2\/media?parent=17907"}],"wp:term":[{"taxonomy":"product_cat","embeddable":true,"href":"https:\/\/promz.be\/fr\/wp-json\/wp\/v2\/product_cat?post=17907"},{"taxonomy":"product_tag","embeddable":true,"href":"https:\/\/promz.be\/fr\/wp-json\/wp\/v2\/product_tag?post=17907"}],"curies":[{"name":"wp","href":"https:\/\/api.w.org\/{rel}","templated":true}]}}