{"id":17908,"date":"2018-10-24T00:00:00","date_gmt":"2018-10-25T22:00:00","guid":{"rendered":"https:\/\/promz.be\/product\/am121-xtorm-evoke-solar-charger\/"},"modified":"2019-01-11T14:05:10","modified_gmt":"2019-01-11T13:05:10","slug":"am121-xtorm-evoke-solar-charger","status":"publish","type":"product","link":"https:\/\/promz.be\/fr\/product\/am121-xtorm-evoke-solar-charger\/","title":{"rendered":"AM121 Xtorm Evoke solar charger"},"content":{"rendered":"<p>Le chargeur outdoor poss\u00e8de un panneau solaire \u00e0 haut rendement pour une dur\u00e9e de recharge ultra-rapide avec l\u2019\u00e9nergie solaire. Le chargeur robuste poss\u00e8de une finition en caoutchouc.<br \/>\nLe chargeur solaire Evoke est \u00e9quip\u00e9 d\u2019une batterie int\u00e9gr\u00e9e li-polym\u00e8re qui peut stocker 10.000mAh d\u2019\u00e9nergie. Vous pouvez ainsi recharger votre smartphone, tablette, syst\u00e8me de navigation et autres appareils portables \u00e0 plusieurs reprises avant de devoir recharger \u00e0 nouveau le chargeur solaire Evoke.<br \/>\nCe chargeur moderne peut se recharger de plusieurs mani\u00e8res : avec USB et le panneau solaire int\u00e9gr\u00e9. La batterie se recharge rapidement avec l\u2019entr\u00e9e micro USB et une entr\u00e9e de 5V\/2A. En cas d\u2019absence de soleil, cela ne pose aucun probl\u00e8me ! Gr\u00e2ce au rendement \u00e9lev\u00e9 du panneau solaire Sunpower\u00ae, le chargeur se recharge extr\u00eamement rapidement au soleil.<br \/>\nLe chargeur est \u00e9tanche aux \u00e9claboussures d&#8217;eau. En outre, il est possible de recharger simultan\u00e9ment plusieurs appareils car le chargeur dispose de deux sorties USB s\u00e9par\u00e9es.<br \/>\nLe chargeur solaire Evoke est une bonne solution pour les vacances et activit\u00e9s ext\u00e9rieures. Gr\u00e2ce \u00e0 sa grande batterie interne et son puissant panneau solaire, vous avez toujours une pile de r\u00e9serve \u00e0 port\u00e9e de main, o\u00f9 et quand vous en avez besoin !<\/p>\n","protected":false},"excerpt":{"rendered":"<p>Le chargeur outdoor poss\u00e8de un panneau solaire \u00e0 haut rendement pour une dur\u00e9e de recharge ultra-rapide avec l\u2019\u00e9nergie solaire. Le chargeur robuste poss\u00e8de une finition en caoutchouc.<br \/>\nLe chargeur solaire Evoke est \u00e9quip\u00e9 d\u2019une batterie int\u00e9gr\u00e9e li-polym\u00e8re qui peut stocker 10.000mAh d\u2019\u00e9nergie. Vous pouvez ainsi recharger votre smartphone, tablette, syst\u00e8me de navigation et autres appareils portables \u00e0 plusieurs reprises avant de devoir recharger \u00e0 nouveau le chargeur solaire Evoke.<br \/>\nCe chargeur moderne peut se recharger de plusieurs mani\u00e8res : avec USB et le panneau solaire int\u00e9gr\u00e9. La batterie se recharge rapidement avec l\u2019entr\u00e9e micro USB et une entr\u00e9e de 5V\/2A. En cas d\u2019absence de soleil, cela ne pose aucun probl\u00e8me ! Gr\u00e2ce au rendement \u00e9lev\u00e9 du panneau solaire Sunpower\u00ae, le chargeur se recharge extr\u00eamement rapidement au soleil.<br \/>\nLe chargeur est \u00e9tanche aux \u00e9claboussures d&#8217;eau. En outre, il est possible de recharger simultan\u00e9ment plusieurs appareils car le chargeur dispose de deux sorties USB s\u00e9par\u00e9es.<br \/>\nLe chargeur solaire Evoke est une bonne solution pour les vacances et activit\u00e9s ext\u00e9rieures. Gr\u00e2ce \u00e0 sa grande batterie interne et son puissant panneau solaire, vous avez toujours une pile de r\u00e9serve \u00e0 port\u00e9e de main, o\u00f9 et quand vous en avez besoin ! [&#8230;]<\/p>\n<p><a class=\"btn btn-secondary understrap-read-more-link\" href=\"https:\/\/promz.be\/fr\/product\/am121-xtorm-evoke-solar-charger\/\">Lire la suite&#8230;<\/a><\/p>\n","protected":false},"featured_media":18733,"comment_status":"closed","ping_status":"closed","template":"","meta":[],"product_cat":[1006,956],"product_tag":[6149],"_links":{"self":[{"href":"https:\/\/promz.be\/fr\/wp-json\/wp\/v2\/product\/17908"}],"collection":[{"href":"https:\/\/promz.be\/fr\/wp-json\/wp\/v2\/product"}],"about":[{"href":"https:\/\/promz.be\/fr\/wp-json\/wp\/v2\/types\/product"}],"replies":[{"embeddable":true,"href":"https:\/\/promz.be\/fr\/wp-json\/wp\/v2\/comments?post=17908"}],"wp:featuredmedia":[{"embeddable":true,"href":"https:\/\/promz.be\/fr\/wp-json\/wp\/v2\/media\/18733"}],"wp:attachment":[{"href":"https:\/\/promz.be\/fr\/wp-json\/wp\/v2\/media?parent=17908"}],"wp:term":[{"taxonomy":"product_cat","embeddable":true,"href":"https:\/\/promz.be\/fr\/wp-json\/wp\/v2\/product_cat?post=17908"},{"taxonomy":"product_tag","embeddable":true,"href":"https:\/\/promz.be\/fr\/wp-json\/wp\/v2\/product_tag?post=17908"}],"curies":[{"name":"wp","href":"https:\/\/api.w.org\/{rel}","templated":true}]}}