{"id":17909,"date":"2018-10-02T00:00:00","date_gmt":"2018-07-10T22:00:00","guid":{"rendered":"https:\/\/promz.be\/product\/am122-xtorm-solar-charger-impulse-5000\/"},"modified":"2019-01-11T13:58:35","modified_gmt":"2019-01-11T12:58:35","slug":"am122-xtorm-solar-charger-impulse-5000","status":"publish","type":"product","link":"https:\/\/promz.be\/fr\/product\/am122-xtorm-solar-charger-impulse-5000\/","title":{"rendered":"AM122 Xtorm Solar Charger Impulse 5000"},"content":{"rendered":"<p>Impulse est un chargeur solaire d\u2019ext\u00e9rieur robuste, con\u00e7u pour durer. Il vous donne la libert\u00e9 et l\u2019\u00e9nergie d\u2019aller o\u00f9 vous le voulez. Il est donc parfait pour toutes vos aventures.<br \/>\nDes fonctionnalit\u00e9s puissantes<br \/>\nLe chargeur solaire Impulse est \u00e9quip\u00e9 d\u2019une batterie au lithium-polym\u00e8re de 5000 mAh, suffisamment puissante pour charger un smartphone au moins deux fois. Le chargeur solaire lui-m\u00eame peut \u00eatre recharg\u00e9 de deux mani\u00e8res, soit par USB, soit simplement en le sortant et en laissant le panneau solaire int\u00e9gr\u00e9 faire son travail. Les cellules SunPower\u00ae efficaces fonctionnent m\u00eame par temps nuageux !<\/p>\n<p>Pr\u00eat pour les aventures<br \/>\nL\u2019Impulse est \u00e9tanche aux \u00e9claboussures, r\u00e9sistant aux chocs, et dispose d\u2019une puissante lampe de poche \u00e0 LED int\u00e9gr\u00e9e, ce qui en fait le chargeur solaire id\u00e9al pour toutes vos aventures en plein air. Gr\u00e2ce \u00e0 la batterie interne haute capacit\u00e9 ainsi qu\u2019au puissant panneau solaire, vous aurez toujours de l\u2019\u00e9nergie suppl\u00e9mentaire \u00e0 port\u00e9e de main, o\u00f9 et quand vous en avez besoin !<\/p>\n<p>En bref<br \/>\n\u2022\tBatterie 5000 mAh<br \/>\n\u2022\tPanneau solaire int\u00e9gr\u00e9 SunPower\u00ae<br \/>\n\u2022\tR\u00e9sistant aux \u00e9claboussures (IPX4)<br \/>\n\u2022\tR\u00e9sistant aux chocs (1m)<br \/>\n\u2022\tPuissante lampe de poche \u00e0 LED int\u00e9gr\u00e9e<\/p>\n","protected":false},"excerpt":{"rendered":"<p>Impulse est un chargeur solaire d\u2019ext\u00e9rieur robuste, con\u00e7u pour durer. Il vous donne la libert\u00e9 et l\u2019\u00e9nergie d\u2019aller o\u00f9 vous le voulez. Il est donc parfait pour toutes vos aventures.<br \/>\nDes fonctionnalit\u00e9s puissantes<br \/>\nLe chargeur solaire Impulse est \u00e9quip\u00e9 d\u2019une batterie au lithium-polym\u00e8re de 5000 mAh, suffisamment puissante pour charger un smartphone au moins deux fois. Le chargeur solaire lui-m\u00eame peut \u00eatre recharg\u00e9 de deux mani\u00e8res, soit par USB, soit simplement en le sortant et en laissant le panneau solaire int\u00e9gr\u00e9 faire son travail. Les cellules SunPower\u00ae efficaces fonctionnent m\u00eame par temps nuageux !<\/p>\n<p>Pr\u00eat pour les aventures<br \/>\nL\u2019Impulse est \u00e9tanche aux \u00e9claboussures, r\u00e9sistant aux chocs, et dispose d\u2019une puissante lampe de poche \u00e0 LED int\u00e9gr\u00e9e, ce qui en fait le chargeur solaire id\u00e9al pour toutes vos aventures en plein air. Gr\u00e2ce \u00e0 la batterie interne haute capacit\u00e9 ainsi qu\u2019au puissant panneau solaire, vous aurez toujours de l\u2019\u00e9nergie suppl\u00e9mentaire \u00e0 port\u00e9e de main, o\u00f9 et quand vous en avez besoin !<\/p>\n<p>En bref<br \/>\n\u2022\tBatterie 5000 mAh<br \/>\n\u2022\tPanneau solaire int\u00e9gr\u00e9 SunPower\u00ae<br \/>\n\u2022\tR\u00e9sistant aux \u00e9claboussures (IPX4)<br \/>\n\u2022\tR\u00e9sistant aux chocs (1m)<br \/>\n\u2022\tPuissante lampe de poche \u00e0 LED int\u00e9gr\u00e9e [&#8230;]<\/p>\n<p><a class=\"btn btn-secondary understrap-read-more-link\" href=\"https:\/\/promz.be\/fr\/product\/am122-xtorm-solar-charger-impulse-5000\/\">Lire la suite&#8230;<\/a><\/p>\n","protected":false},"featured_media":18716,"comment_status":"closed","ping_status":"closed","template":"","meta":[],"product_cat":[1006,956],"product_tag":[6149],"_links":{"self":[{"href":"https:\/\/promz.be\/fr\/wp-json\/wp\/v2\/product\/17909"}],"collection":[{"href":"https:\/\/promz.be\/fr\/wp-json\/wp\/v2\/product"}],"about":[{"href":"https:\/\/promz.be\/fr\/wp-json\/wp\/v2\/types\/product"}],"replies":[{"embeddable":true,"href":"https:\/\/promz.be\/fr\/wp-json\/wp\/v2\/comments?post=17909"}],"wp:featuredmedia":[{"embeddable":true,"href":"https:\/\/promz.be\/fr\/wp-json\/wp\/v2\/media\/18716"}],"wp:attachment":[{"href":"https:\/\/promz.be\/fr\/wp-json\/wp\/v2\/media?parent=17909"}],"wp:term":[{"taxonomy":"product_cat","embeddable":true,"href":"https:\/\/promz.be\/fr\/wp-json\/wp\/v2\/product_cat?post=17909"},{"taxonomy":"product_tag","embeddable":true,"href":"https:\/\/promz.be\/fr\/wp-json\/wp\/v2\/product_tag?post=17909"}],"curies":[{"name":"wp","href":"https:\/\/api.w.org\/{rel}","templated":true}]}}