{"id":17911,"date":"2018-08-23T00:00:00","date_gmt":"2018-06-14T22:00:00","guid":{"rendered":"https:\/\/promz.be\/product\/al480-xtorm-ac-power-bank-brick-21-000\/"},"modified":"2019-07-20T17:29:31","modified_gmt":"2019-07-20T15:29:31","slug":"al480n-xtorm-ac-power-bank-brick-23-200","status":"publish","type":"product","link":"https:\/\/promz.be\/fr\/product\/al480n-xtorm-ac-power-bank-brick-23-200\/","title":{"rendered":"AL480N Xtorm AC Power Bank Brick 23 200"},"content":{"rendered":"<p>L\u2019AC Power Bank Brick propose une solution pour alimenter \u00e0 tout moment et en tous endroits les appareils \u00e9lectriques avec une \u00e9nergie suppl\u00e9mentaire. Avec une capacit\u00e9 de 23,200mAh \/ 84Wh, le Power Bank est assez puissant pour des appareils comme le smartphone, la tablette, ou l\u2019ordinateur portable.<\/p>\n<h2>Versatile<\/h2>\n<p>Ce chargeur universel permet d\u2019alimenter quasiment tous les appareils \u00e9lectriques. Au total, le Power Bank dispose de quatre sorties. Le prise peuvent recharger les appareils jusqu\u2019\u00e0 80W \/ 220 volts. Les ports USB assurent une recharge rapide des appareils mobiles gr\u00e2ce \u00e0 un d\u00e9bit \u00e9lev\u00e9. Un port USB-C est disponible pour la recharge des appareils USB-C.<\/p>\n<h2>Une correspondance parfaite<\/h2>\n<p>Vous n\u2019avez plus du tout de r\u00e9seau \u00e9lectrique, mais vous voulez quand m\u00eame avoir assez de puissance pour recharger un smartphone, une cam\u00e9ra, un drone ou m\u00eame un ordinateur portable ? Vous avez seulement besoin de la Brick combin\u00e9e avec un Xtorm Solar Booster. Lorsque vous voyagez dans des endroits \u00e9loign\u00e9s o\u00f9 vous n&#8217;avez pas acc\u00e8s \u00e0 une prise de courant, le Solar Booster est toujours capable de recharger la Brick en utilisant uniquement de l&#8217;\u00e9nergie solaire. Ces deux produits correspondent parfaitement, vous donnant la libert\u00e9 et l&#8217;\u00e9nergie d&#8217;aller o\u00f9 vous le voulez !<\/p>\n<p>USB Type-C\u2122 et USB-C\u2122 sont des marques d\u00e9pos\u00e9es de USB Implementers Forum<\/p>\n<p>\u2022 Power Bank universel avec batterie interne de 23,200mAh \/ 84Wh<br \/>\n\u2022 Contient un prise 80W\/ 220V<br \/>\n\u2022 Peut recharger 4 appareils mobiles en m\u00eame<\/p>\n","protected":false},"excerpt":{"rendered":"<p>L\u2019AC Power Bank Brick propose une solution pour alimenter \u00e0 tout moment et en tous endroits les appareils \u00e9lectriques avec une \u00e9nergie suppl\u00e9mentaire. Avec une capacit\u00e9 de 23,200mAh \/ 84Wh, le Power Bank est assez puissant pour des appareils comme le smartphone, la tablette, ou l\u2019ordinateur portable.<\/p>\n<h2>Versatile<\/h2>\n<p>Ce chargeur universel permet d\u2019alimenter quasiment tous les appareils \u00e9lectriques. Au total, le Power Bank dispose de quatre sorties. Le prise peuvent recharger les appareils jusqu\u2019\u00e0 80W \/ 220 volts. Les ports USB assurent une recharge rapide des appareils mobiles gr\u00e2ce \u00e0 un d\u00e9bit \u00e9lev\u00e9. Un port USB-C est disponible pour la recharge des appareils USB-C.<\/p>\n<h2>Une correspondance parfaite<\/h2>\n<p>Vous n\u2019avez plus du tout de r\u00e9seau \u00e9lectrique, mais vous voulez quand m\u00eame avoir assez de puissance pour recharger un smartphone, une cam\u00e9ra, un drone ou m\u00eame un ordinateur portable ? Vous avez seulement besoin de la Brick combin\u00e9e avec un Xtorm Solar Booster. Lorsque vous voyagez dans des endroits \u00e9loign\u00e9s o\u00f9 vous n&#8217;avez pas acc\u00e8s \u00e0 une prise de courant, le Solar Booster est toujours capable de recharger la Brick en utilisant uniquement de l&#8217;\u00e9nergie solaire. Ces deux produits correspondent parfaitement, vous donnant la libert\u00e9 et l&#8217;\u00e9nergie d&#8217;aller o\u00f9 vous le voulez !<\/p>\n<p>USB Type-C\u2122 et USB-C\u2122 sont des marques d\u00e9pos\u00e9es de USB Implementers Forum<\/p>\n<p>\u2022 Power Bank universel avec batterie interne de 23,200mAh \/ 84Wh<br \/>\n\u2022 Contient un prise 80W\/ 220V<br \/>\n\u2022 Peut recharger 4 appareils mobiles en m\u00eame [&#8230;]<\/p>\n<p><a class=\"btn btn-secondary understrap-read-more-link\" href=\"https:\/\/promz.be\/fr\/product\/al480n-xtorm-ac-power-bank-brick-23-200\/\">Lire la suite&#8230;<\/a><\/p>\n","protected":false},"featured_media":24182,"comment_status":"closed","ping_status":"closed","template":"","meta":[],"product_cat":[1026,1006,1030,956],"product_tag":[6149],"_links":{"self":[{"href":"https:\/\/promz.be\/fr\/wp-json\/wp\/v2\/product\/17911"}],"collection":[{"href":"https:\/\/promz.be\/fr\/wp-json\/wp\/v2\/product"}],"about":[{"href":"https:\/\/promz.be\/fr\/wp-json\/wp\/v2\/types\/product"}],"replies":[{"embeddable":true,"href":"https:\/\/promz.be\/fr\/wp-json\/wp\/v2\/comments?post=17911"}],"wp:featuredmedia":[{"embeddable":true,"href":"https:\/\/promz.be\/fr\/wp-json\/wp\/v2\/media\/24182"}],"wp:attachment":[{"href":"https:\/\/promz.be\/fr\/wp-json\/wp\/v2\/media?parent=17911"}],"wp:term":[{"taxonomy":"product_cat","embeddable":true,"href":"https:\/\/promz.be\/fr\/wp-json\/wp\/v2\/product_cat?post=17911"},{"taxonomy":"product_tag","embeddable":true,"href":"https:\/\/promz.be\/fr\/wp-json\/wp\/v2\/product_tag?post=17911"}],"curies":[{"name":"wp","href":"https:\/\/api.w.org\/{rel}","templated":true}]}}