{"id":17912,"date":"2018-11-09T00:00:00","date_gmt":"2018-08-30T22:00:00","guid":{"rendered":"https:\/\/promz.be\/product\/al490-xtorm-ac-power-bank-pro-41-600\/"},"modified":"2019-01-11T14:34:17","modified_gmt":"2019-01-11T13:34:17","slug":"al490-xtorm-ac-power-bank-pro-41-600","status":"publish","type":"product","link":"https:\/\/promz.be\/fr\/product\/al490-xtorm-ac-power-bank-pro-41-600\/","title":{"rendered":"AL490 Xtorm AC Power Bank Pro 41 600"},"content":{"rendered":"<p>L\u2019AC Power Bank Pro propose une solution pour alimenter \u00e0 tout moment et en tous endroits les appareils \u00e9lectriques avec une \u00e9nergie suppl\u00e9mentaire. Avec une puissante capacit\u00e9 de 41.600 mAh, le Power Bank est assez puissant pour des appareils comme le smartphone, la tablette, l\u2019ordinateur portable, la Playstation ou la t\u00e9l\u00e9vision.<br \/>\nCe chargeur universel permet d\u2019alimenter quasiment tous les appareils \u00e9lectriques. Au total, le Power Bank dispose de cinq sorties. Les deux prises internationales peuvent recharger les appareils jusqu\u2019\u00e0 220 volts. Les ports USB assurent une recharge rapide des appareils mobiles gr\u00e2ce \u00e0 un d\u00e9bit \u00e9lev\u00e9. Un port USB-C est disponible pour la recharge des appareils USB-C.<br \/>\nUn indicateur num\u00e9rique indique l\u2019\u00e9nergie restante avec pr\u00e9cision. Pour \u00e9conomiser de l\u2019\u00e9nergie, il est possible d\u2019activer et de d\u00e9sactiver le courant passant par les prises pour \u00e9viter tout gaspillage d\u2019\u00e9nergie. En outre, le Power Bank est dot\u00e9 d\u2019un Auto Power Management Chip qui ajuste automatiquement la vitesse de recharge des appareils branch\u00e9s.<br \/>\nLe Power Bank Pro se recharge gr\u00e2ce \u00e0 l\u2019adaptateur AC fourni. Le Pro peut recharger et d\u00e9charger simultan\u00e9ment. Vous pouvez donc utiliser cet AC Power Bank comme Power Hub si vous souhaitez recharger simultan\u00e9ment plusieurs appareils \u00e0 domicile ou \u00e0 votre bureau, avec une seule prise \u00e9lectrique. En outre, le Pro dispose d\u2019un design \u00e9l\u00e9gant avec les orifices d\u2019a\u00e9ration requis et les supports antid\u00e9rapants sur sa surface inf\u00e9rieure.<br \/>\nCe Power Bank puissant est id\u00e9al pour les d\u00e9placements, au travail ou en vacances. Vos appareils favoris sont ainsi constamment recharg\u00e9s !<\/p>\n","protected":false},"excerpt":{"rendered":"<p>L\u2019AC Power Bank Pro propose une solution pour alimenter \u00e0 tout moment et en tous endroits les appareils \u00e9lectriques avec une \u00e9nergie suppl\u00e9mentaire. Avec une puissante capacit\u00e9 de 41.600 mAh, le Power Bank est assez puissant pour des appareils comme le smartphone, la tablette, l\u2019ordinateur portable, la Playstation ou la t\u00e9l\u00e9vision.<br \/>\nCe chargeur universel permet d\u2019alimenter quasiment tous les appareils \u00e9lectriques. Au total, le Power Bank dispose de cinq sorties. Les deux prises internationales peuvent recharger les appareils jusqu\u2019\u00e0 220 volts. Les ports USB assurent une recharge rapide des appareils mobiles gr\u00e2ce \u00e0 un d\u00e9bit \u00e9lev\u00e9. Un port USB-C est disponible pour la recharge des appareils USB-C.<br \/>\nUn indicateur num\u00e9rique indique l\u2019\u00e9nergie restante avec pr\u00e9cision. Pour \u00e9conomiser de l\u2019\u00e9nergie, il est possible d\u2019activer et de d\u00e9sactiver le courant passant par les prises pour \u00e9viter tout gaspillage d\u2019\u00e9nergie. En outre, le Power Bank est dot\u00e9 d\u2019un Auto Power Management Chip qui ajuste automatiquement la vitesse de recharge des appareils branch\u00e9s.<br \/>\nLe Power Bank Pro se recharge gr\u00e2ce \u00e0 l\u2019adaptateur AC fourni. Le Pro peut recharger et d\u00e9charger simultan\u00e9ment. Vous pouvez donc utiliser cet AC Power Bank comme Power Hub si vous souhaitez recharger simultan\u00e9ment plusieurs appareils \u00e0 domicile ou \u00e0 votre bureau, avec une seule prise \u00e9lectrique. En outre, le Pro dispose d\u2019un design \u00e9l\u00e9gant avec les orifices d\u2019a\u00e9ration requis et les supports antid\u00e9rapants sur sa surface inf\u00e9rieure.<br \/>\nCe Power Bank puissant est id\u00e9al pour les d\u00e9placements, au travail ou en vacances. Vos appareils favoris sont ainsi constamment recharg\u00e9s ! [&#8230;]<\/p>\n<p><a class=\"btn btn-secondary understrap-read-more-link\" href=\"https:\/\/promz.be\/fr\/product\/al490-xtorm-ac-power-bank-pro-41-600\/\">Lire la suite&#8230;<\/a><\/p>\n","protected":false},"featured_media":18798,"comment_status":"closed","ping_status":"closed","template":"","meta":[],"product_cat":[1006,956],"product_tag":[6149],"_links":{"self":[{"href":"https:\/\/promz.be\/fr\/wp-json\/wp\/v2\/product\/17912"}],"collection":[{"href":"https:\/\/promz.be\/fr\/wp-json\/wp\/v2\/product"}],"about":[{"href":"https:\/\/promz.be\/fr\/wp-json\/wp\/v2\/types\/product"}],"replies":[{"embeddable":true,"href":"https:\/\/promz.be\/fr\/wp-json\/wp\/v2\/comments?post=17912"}],"wp:featuredmedia":[{"embeddable":true,"href":"https:\/\/promz.be\/fr\/wp-json\/wp\/v2\/media\/18798"}],"wp:attachment":[{"href":"https:\/\/promz.be\/fr\/wp-json\/wp\/v2\/media?parent=17912"}],"wp:term":[{"taxonomy":"product_cat","embeddable":true,"href":"https:\/\/promz.be\/fr\/wp-json\/wp\/v2\/product_cat?post=17912"},{"taxonomy":"product_tag","embeddable":true,"href":"https:\/\/promz.be\/fr\/wp-json\/wp\/v2\/product_tag?post=17912"}],"curies":[{"name":"wp","href":"https:\/\/api.w.org\/{rel}","templated":true}]}}