{"id":17916,"date":"2018-11-06T00:00:00","date_gmt":"2018-06-11T22:00:00","guid":{"rendered":"https:\/\/promz.be\/product\/xb200lu-xtorm-power-bank-travel-6000-lightning\/"},"modified":"2019-01-11T14:32:50","modified_gmt":"2019-01-11T13:32:50","slug":"xb200lu-xtorm-power-bank-travel-6000-lightning","status":"publish","type":"product","link":"https:\/\/promz.be\/fr\/product\/xb200lu-xtorm-power-bank-travel-6000-lightning\/","title":{"rendered":"XB200LU Xtorm Power Bank Travel 6000 (Lightning)"},"content":{"rendered":"<p>Le Power Bank Travel fait partie de la gamme Xtorm Power Bank innovante et \u00e9l\u00e9gante, la ligne XB2. Les Power Banks de cette ligne offrent des caract\u00e9ristiques uniques et ont un design bien r\u00e9fl\u00e9chi.<br \/>\nAvec le Power Bank Travel, vous pouvez recharger vos appareils mobiles, toujours et partout. Ce Power Bank a une batterie interne de 6000\u00a0mAh, c\u2019est donc assez d\u2019\u00e9nergie pour recharger un smartphone au moins trois fois. En outre, il est possible de recharger deux appareils en m\u00eame temps. Cette batterie de secours affiche en outre un look \u00e9l\u00e9gant gr\u00e2ce \u00e0 sa finition en caoutchouc.<br \/>\nLe Power Bank Travel poss\u00e8de un c\u00e2ble Apple Lightning amovible permettant de recharger ais\u00e9ment tous les appareils Apple. Gr\u00e2ce \u00e0 cette caract\u00e9ristique pratique, vous avez toujours un c\u00e2ble \u00e0 port\u00e9e de main si n\u00e9cessaire. Il va de soi que les appareils mobiles peuvent \u00eatre recharg\u00e9s avec un autre type de branchement USB, comme un micro USB en utilisant le c\u00e2ble micro USB fourni.<br \/>\nLe Power Bank Travel dispose de la technologie Quick Charge 3.0, ce qui permet aux appareils mobiles de se recharger tr\u00e8s rapidement. Si votre smartphone dispose de cette technologie, vous pourrez ainsi le recharger jusqu\u2019\u00e0 60 % plus vite\u00a0! De cette fa\u00e7on, la batterie de votre appareil mobile sera pleine en un minimum de temps. La quantit\u00e9 de batterie qu\u2019utilise le Power Bank est visible en un coup d\u2019\u0153il. Elle s\u2019affiche \u00e0 l\u2019aide de l\u2019\u00e9clairage LED autour du bouton marche-arr\u00eat.<br \/>\nLe Power Bank Travel 6700 vous propose la solution de chargement id\u00e9ale pour un usage au quotidien ou au cours d\u2019un voyage d\u2019affaires ou en vacances. Rechargez vos appareils mobiles tels que smartphone, tablette, MacBook ou GoPro, partout et quand vous voulez\u00a0!<\/p>\n","protected":false},"excerpt":{"rendered":"<p>Le Power Bank Travel fait partie de la gamme Xtorm Power Bank innovante et \u00e9l\u00e9gante, la ligne XB2. Les Power Banks de cette ligne offrent des caract\u00e9ristiques uniques et ont un design bien r\u00e9fl\u00e9chi.<br \/>\nAvec le Power Bank Travel, vous pouvez recharger vos appareils mobiles, toujours et partout. Ce Power Bank a une batterie interne de 6000\u00a0mAh, c\u2019est donc assez d\u2019\u00e9nergie pour recharger un smartphone au moins trois fois. En outre, il est possible de recharger deux appareils en m\u00eame temps. Cette batterie de secours affiche en outre un look \u00e9l\u00e9gant gr\u00e2ce \u00e0 sa finition en caoutchouc.<br \/>\nLe Power Bank Travel poss\u00e8de un c\u00e2ble Apple Lightning amovible permettant de recharger ais\u00e9ment tous les appareils Apple. Gr\u00e2ce \u00e0 cette caract\u00e9ristique pratique, vous avez toujours un c\u00e2ble \u00e0 port\u00e9e de main si n\u00e9cessaire. Il va de soi que les appareils mobiles peuvent \u00eatre recharg\u00e9s avec un autre type de branchement USB, comme un micro USB en utilisant le c\u00e2ble micro USB fourni.<br \/>\nLe Power Bank Travel dispose de la technologie Quick Charge 3.0, ce qui permet aux appareils mobiles de se recharger tr\u00e8s rapidement. Si votre smartphone dispose de cette technologie, vous pourrez ainsi le recharger jusqu\u2019\u00e0 60 % plus vite\u00a0! De cette fa\u00e7on, la batterie de votre appareil mobile sera pleine en un minimum de temps. La quantit\u00e9 de batterie qu\u2019utilise le Power Bank est visible en un coup d\u2019\u0153il. Elle s\u2019affiche \u00e0 l\u2019aide de l\u2019\u00e9clairage LED autour du bouton marche-arr\u00eat.<br \/>\nLe Power Bank Travel 6700 vous propose la solution de chargement id\u00e9ale pour un usage au quotidien ou au cours d\u2019un voyage d\u2019affaires ou en vacances. Rechargez vos appareils mobiles tels que smartphone, tablette, MacBook ou GoPro, partout et quand vous voulez\u00a0! [&#8230;]<\/p>\n<p><a class=\"btn btn-secondary understrap-read-more-link\" href=\"https:\/\/promz.be\/fr\/product\/xb200lu-xtorm-power-bank-travel-6000-lightning\/\">Lire la suite&#8230;<\/a><\/p>\n","protected":false},"featured_media":18788,"comment_status":"closed","ping_status":"closed","template":"","meta":[],"product_cat":[1006,956],"product_tag":[6149],"_links":{"self":[{"href":"https:\/\/promz.be\/fr\/wp-json\/wp\/v2\/product\/17916"}],"collection":[{"href":"https:\/\/promz.be\/fr\/wp-json\/wp\/v2\/product"}],"about":[{"href":"https:\/\/promz.be\/fr\/wp-json\/wp\/v2\/types\/product"}],"replies":[{"embeddable":true,"href":"https:\/\/promz.be\/fr\/wp-json\/wp\/v2\/comments?post=17916"}],"wp:featuredmedia":[{"embeddable":true,"href":"https:\/\/promz.be\/fr\/wp-json\/wp\/v2\/media\/18788"}],"wp:attachment":[{"href":"https:\/\/promz.be\/fr\/wp-json\/wp\/v2\/media?parent=17916"}],"wp:term":[{"taxonomy":"product_cat","embeddable":true,"href":"https:\/\/promz.be\/fr\/wp-json\/wp\/v2\/product_cat?post=17916"},{"taxonomy":"product_tag","embeddable":true,"href":"https:\/\/promz.be\/fr\/wp-json\/wp\/v2\/product_tag?post=17916"}],"curies":[{"name":"wp","href":"https:\/\/api.w.org\/{rel}","templated":true}]}}