{"id":17918,"date":"2018-08-30T00:00:00","date_gmt":"2018-08-23T22:00:00","guid":{"rendered":"https:\/\/promz.be\/product\/xb201lu-xtorm-power-bank-explore-9-000-lightning\/"},"modified":"2019-01-11T14:58:29","modified_gmt":"2019-01-11T13:58:29","slug":"xb201lu-xtorm-power-bank-explore-9-000-lightning","status":"publish","type":"product","link":"https:\/\/promz.be\/fr\/product\/xb201lu-xtorm-power-bank-explore-9-000-lightning\/","title":{"rendered":"XB201LU Xtorm Power Bank Explore 9.000 (Lightning)"},"content":{"rendered":"<p>Power Bank Explore 9.000<br \/>\nLe Power Bank Explore fait partie de la gamme Xtorm Power Bank innovante et \u00e9l\u00e9gante, la ligne XB2. Les Power Banks de cette ligne offrent des caract\u00e9ristiques uniques et ont un design bien r\u00e9fl\u00e9chi.<br \/>\nAvec le Power Bank Explore, vous pouvez recharger vos appareils mobiles, toujours et partout. Ce Power Bank a une batterie interne de 9.000 mAh, c\u2019est donc assez d\u2019\u00e9nergie pour recharger un smartphone au moins trois fois. En outre, il est possible de recharger deux appareils en m\u00eame temps. Cette batterie de secours affiche en outre un look \u00e9l\u00e9gant gr\u00e2ce \u00e0 sa finition en caoutchouc.<br \/>\nLe Power Bank Explore poss\u00e8de un c\u00e2ble Apple Lightning amovible permettant de recharger ais\u00e9ment tous les appareils Apple. Vous avez ainsi toujours un petit c\u00e2ble \u00e0 port\u00e9e de main, si n\u00e9cessaire. Il va de soi que les appareils mobiles peuvent \u00eatre recharg\u00e9s avec un autre type de branchement USB, comme un micro USB en utilisant le c\u00e2ble micro USB fourni.<br \/>\nLe Power Bank Explore dispose de la technologie Quick Charge 3.0, ce qui permet aux appareils mobiles de se recharger tr\u00e8s rapidement. Si votre smartphone dispose de cette technologie, vous pourrez ainsi le recharger jusqu\u2019\u00e0 60 % plus vite ! De cette fa\u00e7on, la batterie de votre appareil mobile sera pleine en un minimum de temps. La quantit\u00e9 de batterie qu\u2019utilise le Power Bank est visible en un coup d\u2019\u0153il. Elle s\u2019affiche \u00e0 l\u2019aide de l\u2019\u00e9clairage LED autour du bouton marche-arr\u00eat.<br \/>\nLe Power Bank Explore 9.000 vous propose la solution de chargement id\u00e9ale pour un usage au quotidien ou au cours d\u2019un voyage d\u2019affaires ou pour un long voyage. Rechargez vos appareils mobiles tels que smartphone, tablette, MacBook ou GoPro, partout et quand vous voulez !<\/p>\n<p>En bref<br \/>\n\u2022\tPower bank universel avec batterie interne de 9.000 mAh<br \/>\n\u2022\tC\u00e2ble Apple Lightning amovible<br \/>\n\u2022\tChargement hyper rapide gr\u00e2ce \u00e0 Quick Charge 3.0<br \/>\n\u2022\tPeut recharger 2 appareils mobiles en m\u00eame temps.<\/p>\n","protected":false},"excerpt":{"rendered":"<p>Power Bank Explore 9.000<br \/>\nLe Power Bank Explore fait partie de la gamme Xtorm Power Bank innovante et \u00e9l\u00e9gante, la ligne XB2. Les Power Banks de cette ligne offrent des caract\u00e9ristiques uniques et ont un design bien r\u00e9fl\u00e9chi.<br \/>\nAvec le Power Bank Explore, vous pouvez recharger vos appareils mobiles, toujours et partout. Ce Power Bank a une batterie interne de 9.000 mAh, c\u2019est donc assez d\u2019\u00e9nergie pour recharger un smartphone au moins trois fois. En outre, il est possible de recharger deux appareils en m\u00eame temps. Cette batterie de secours affiche en outre un look \u00e9l\u00e9gant gr\u00e2ce \u00e0 sa finition en caoutchouc.<br \/>\nLe Power Bank Explore poss\u00e8de un c\u00e2ble Apple Lightning amovible permettant de recharger ais\u00e9ment tous les appareils Apple. Vous avez ainsi toujours un petit c\u00e2ble \u00e0 port\u00e9e de main, si n\u00e9cessaire. Il va de soi que les appareils mobiles peuvent \u00eatre recharg\u00e9s avec un autre type de branchement USB, comme un micro USB en utilisant le c\u00e2ble micro USB fourni.<br \/>\nLe Power Bank Explore dispose de la technologie Quick Charge 3.0, ce qui permet aux appareils mobiles de se recharger tr\u00e8s rapidement. Si votre smartphone dispose de cette technologie, vous pourrez ainsi le recharger jusqu\u2019\u00e0 60 % plus vite ! De cette fa\u00e7on, la batterie de votre appareil mobile sera pleine en un minimum de temps. La quantit\u00e9 de batterie qu\u2019utilise le Power Bank est visible en un coup d\u2019\u0153il. Elle s\u2019affiche \u00e0 l\u2019aide de l\u2019\u00e9clairage LED autour du bouton marche-arr\u00eat.<br \/>\nLe Power Bank Explore 9.000 vous propose la solution de chargement id\u00e9ale pour un usage au quotidien ou au cours d\u2019un voyage d\u2019affaires ou pour un long voyage. Rechargez vos appareils mobiles tels que smartphone, tablette, MacBook ou GoPro, partout et quand vous voulez !<\/p>\n<p>En bref<br \/>\n\u2022\tPower bank universel avec batterie interne de 9.000 mAh<br \/>\n\u2022\tC\u00e2ble Apple Lightning amovible<br \/>\n\u2022\tChargement hyper rapide gr\u00e2ce \u00e0 Quick Charge 3.0<br \/>\n\u2022\tPeut recharger 2 appareils mobiles en m\u00eame temps. [&#8230;]<\/p>\n<p><a class=\"btn btn-secondary understrap-read-more-link\" href=\"https:\/\/promz.be\/fr\/product\/xb201lu-xtorm-power-bank-explore-9-000-lightning\/\">Lire la suite&#8230;<\/a><\/p>\n","protected":false},"featured_media":18896,"comment_status":"closed","ping_status":"closed","template":"","meta":[],"product_cat":[1006,956],"product_tag":[6149],"_links":{"self":[{"href":"https:\/\/promz.be\/fr\/wp-json\/wp\/v2\/product\/17918"}],"collection":[{"href":"https:\/\/promz.be\/fr\/wp-json\/wp\/v2\/product"}],"about":[{"href":"https:\/\/promz.be\/fr\/wp-json\/wp\/v2\/types\/product"}],"replies":[{"embeddable":true,"href":"https:\/\/promz.be\/fr\/wp-json\/wp\/v2\/comments?post=17918"}],"wp:featuredmedia":[{"embeddable":true,"href":"https:\/\/promz.be\/fr\/wp-json\/wp\/v2\/media\/18896"}],"wp:attachment":[{"href":"https:\/\/promz.be\/fr\/wp-json\/wp\/v2\/media?parent=17918"}],"wp:term":[{"taxonomy":"product_cat","embeddable":true,"href":"https:\/\/promz.be\/fr\/wp-json\/wp\/v2\/product_cat?post=17918"},{"taxonomy":"product_tag","embeddable":true,"href":"https:\/\/promz.be\/fr\/wp-json\/wp\/v2\/product_tag?post=17918"}],"curies":[{"name":"wp","href":"https:\/\/api.w.org\/{rel}","templated":true}]}}