{"id":17919,"date":"2018-08-10T00:00:00","date_gmt":"2018-11-19T23:00:00","guid":{"rendered":"https:\/\/promz.be\/product\/xb202u-xtorm-power-bank-discover-15-000\/"},"modified":"2019-01-11T15:49:36","modified_gmt":"2019-01-11T14:49:36","slug":"xb202u-xtorm-power-bank-discover-15-000","status":"publish","type":"product","link":"https:\/\/promz.be\/fr\/product\/xb202u-xtorm-power-bank-discover-15-000\/","title":{"rendered":"XB202U Xtorm Power Bank Discover 15.000"},"content":{"rendered":"<p>Le Power Bank Discover fait partie de la gamme Xtorm Power Bank innovante et \u00e9l\u00e9gante, la ligne XB2. Les Power Banks de cette ligne offrent des caract\u00e9ristiques uniques et ont un design bien r\u00e9fl\u00e9chi. Avec le Power Bank Discover, vous pouvez recharger vos appareils mobiles toujours et partout. Ce Power Bank a une batterie interne de 15,000 mAh. Avec cette grande quantit\u00e9 d\u2019\u00e9nergie, vous pouvez certainement recharger huit fois un smartphone ou au moins deux fois une tablette ou un MacBook. En outre, il est possible de recharger trois appareils en m\u00eame temps. Cette batterie de secours affiche en outre un look \u00e9l\u00e9gant gr\u00e2ce \u00e0 sa finition en caoutchouc. Le Power Bank Discover poss\u00e8de un petit c\u00e2ble micro USB amovible permettant de recharger des appareils mobiles (avec port micro USB). Vous avez ainsi toujours un petit c\u00e2ble \u00e0 port\u00e9e de main, si n\u00e9cessaire. En outre, le Power Bank Discover dispose d\u2019un port USB-C et un c\u00e2ble USB-C est fourni pour recharger m\u00eame les mod\u00e8les MacBook les plus r\u00e9cents et les ordinateurs portables avec branchement USB-C. Le Power Bank Discover dispose de la technologie Quick Charge 3.0, ce qui permet aux appareils mobiles de se recharger tr\u00e8s rapidement. Si votre smartphone dispose de cette technologie, vous pourrez ainsi le recharger jusqu\u2019\u00e0 60 % plus vite\u00a0! De cette fa\u00e7on, la batterie de votre appareil mobile sera pleine en un minimum de temps. La quantit\u00e9 de batterie qu\u2019utilise le Power Banque est visible en un coup d\u2019\u0153il\u00a0: elle s\u2019affiche en fait \u00e0 l\u2019aide de l\u2019\u00e9clairage LED autour du bouton marche-arr\u00eat. Le Power Bank Discover 17.000 vous permet de recharger de fa\u00e7on id\u00e9ale si vous n\u2019avez pas acc\u00e8s sur une longue p\u00e9riode \u00e0 une prise \u00e9lectrique, par exemple au cours d\u2019un voyage d\u2019affaires ou en vacances. Rechargez votre smartphone, tablette, MacBook ou GoPro sur o\u00f9 et quand vous voulez\u00a0!<\/p>\n","protected":false},"excerpt":{"rendered":"<p>Le Power Bank Discover fait partie de la gamme Xtorm Power Bank innovante et \u00e9l\u00e9gante, la ligne XB2. Les Power Banks de cette ligne offrent des caract\u00e9ristiques uniques et ont un design bien r\u00e9fl\u00e9chi. Avec le Power Bank Discover, vous pouvez recharger vos appareils mobiles toujours et partout. Ce Power Bank a une batterie interne de 15,000 mAh. Avec cette grande quantit\u00e9 d\u2019\u00e9nergie, vous pouvez certainement recharger huit fois un smartphone ou au moins deux fois une tablette ou un MacBook. En outre, il est possible de recharger trois appareils en m\u00eame temps. Cette batterie de secours affiche en outre un look \u00e9l\u00e9gant gr\u00e2ce \u00e0 sa finition en caoutchouc. Le Power Bank Discover poss\u00e8de un petit c\u00e2ble micro USB amovible permettant de recharger des appareils mobiles (avec port micro USB). Vous avez ainsi toujours un petit c\u00e2ble \u00e0 port\u00e9e de main, si n\u00e9cessaire. En outre, le Power Bank Discover dispose d\u2019un port USB-C et un c\u00e2ble USB-C est fourni pour recharger m\u00eame les mod\u00e8les MacBook les plus r\u00e9cents et les ordinateurs portables avec branchement USB-C. Le Power Bank Discover dispose de la technologie Quick Charge 3.0, ce qui permet aux appareils mobiles de se recharger tr\u00e8s rapidement. Si votre smartphone dispose de cette technologie, vous pourrez ainsi le recharger jusqu\u2019\u00e0 60 % plus vite\u00a0! De cette fa\u00e7on, la batterie de votre appareil mobile sera pleine en un minimum de temps. La quantit\u00e9 de batterie qu\u2019utilise le Power Banque est visible en un coup d\u2019\u0153il\u00a0: elle s\u2019affiche en fait \u00e0 l\u2019aide de l\u2019\u00e9clairage LED autour du bouton marche-arr\u00eat. Le Power Bank Discover 17.000 vous permet de recharger de fa\u00e7on id\u00e9ale si vous n\u2019avez pas acc\u00e8s sur une longue p\u00e9riode \u00e0 une prise \u00e9lectrique, par exemple au cours d\u2019un voyage d\u2019affaires ou en vacances. Rechargez votre smartphone, tablette, MacBook ou GoPro sur o\u00f9 et quand vous voulez\u00a0! [&#8230;]<\/p>\n<p><a class=\"btn btn-secondary understrap-read-more-link\" href=\"https:\/\/promz.be\/fr\/product\/xb202u-xtorm-power-bank-discover-15-000\/\">Lire la suite&#8230;<\/a><\/p>\n","protected":false},"featured_media":19085,"comment_status":"closed","ping_status":"closed","template":"","meta":[],"product_cat":[1006,956],"product_tag":[6149],"_links":{"self":[{"href":"https:\/\/promz.be\/fr\/wp-json\/wp\/v2\/product\/17919"}],"collection":[{"href":"https:\/\/promz.be\/fr\/wp-json\/wp\/v2\/product"}],"about":[{"href":"https:\/\/promz.be\/fr\/wp-json\/wp\/v2\/types\/product"}],"replies":[{"embeddable":true,"href":"https:\/\/promz.be\/fr\/wp-json\/wp\/v2\/comments?post=17919"}],"wp:featuredmedia":[{"embeddable":true,"href":"https:\/\/promz.be\/fr\/wp-json\/wp\/v2\/media\/19085"}],"wp:attachment":[{"href":"https:\/\/promz.be\/fr\/wp-json\/wp\/v2\/media?parent=17919"}],"wp:term":[{"taxonomy":"product_cat","embeddable":true,"href":"https:\/\/promz.be\/fr\/wp-json\/wp\/v2\/product_cat?post=17919"},{"taxonomy":"product_tag","embeddable":true,"href":"https:\/\/promz.be\/fr\/wp-json\/wp\/v2\/product_tag?post=17919"}],"curies":[{"name":"wp","href":"https:\/\/api.w.org\/{rel}","templated":true}]}}