{"id":17921,"date":"2018-08-23T00:00:00","date_gmt":"2018-10-30T23:00:00","guid":{"rendered":"https:\/\/promz.be\/product\/xb203-xtorm-45w-usb-c-power-bank-infinity-27000\/"},"modified":"2019-01-11T14:56:12","modified_gmt":"2019-01-11T13:56:12","slug":"xb203-xtorm-45w-usb-c-power-bank-infinity-27000","status":"publish","type":"product","link":"https:\/\/promz.be\/fr\/product\/xb203-xtorm-45w-usb-c-power-bank-infinity-27000\/","title":{"rendered":"XB203 Xtorm 45W USB-C Power Bank Infinity 27,000"},"content":{"rendered":"<p>Power Bank Infinity 27.000<br \/>\nLe Power Bank Infinity fait partie de la gamme Xtorm Power Bank innovante et \u00e9l\u00e9gante, la ligne XB2. Les Power Banks de cette ligne offrent des caract\u00e9ristiques uniques et ont un design bien r\u00e9fl\u00e9chi.<br \/>\nAvec le Power Bank Infinity, vous pouvez recharger vos appareils mobiles \u00e0 l\u2019infini o\u00f9 que vous soyez. Ce Power Bank a une batterie interne de 26800 mAh. Avec cette grande quantit\u00e9 d\u2019\u00e9nergie, vous pouvez certainement recharger treize fois un smartphone ou au moins trois fois une tablette ou un MacBook. En outre, il est possible de recharger quatre appareils en m\u00eame temps. Cette batterie de secours affiche en outre un look \u00e9l\u00e9gant gr\u00e2ce \u00e0 sa finition en caoutchouc.<br \/>\nLe Power Bank Infinity poss\u00e8de un petit c\u00e2ble USB-C et micro USB amovible permettant de recharger des appareils mobiles. Vous avez ainsi toujours un petit c\u00e2ble \u00e0 port\u00e9e de main, si n\u00e9cessaire. En outre, le Power Bank Infinity dispose d\u2019un port USB-C 45 watts enti\u00e8rement compatible pour recharger m\u00eame les mod\u00e8les MacBook les plus r\u00e9cents et les ordinateurs portables avec branchement USB-C.<br \/>\nDe plus, le Power Bank peut se d\u00e9charger et recharger en parall\u00e8le. Vous pouvez donc recharger vos appareils mobiles pendant la recharge du Power Bank. La quantit\u00e9 de batterie qu\u2019utilise le Power Banque est visible en un coup d\u2019\u0153il\u00a0: elle s\u2019affiche en fait \u00e0 l\u2019aide de l\u2019\u00e9clairage LED autour du bouton marche-arr\u00eat.<br \/>\nLe Power Bank Infinity 27.000 vous permet de recharger de fa\u00e7on id\u00e9ale si vous n\u2019avez pas acc\u00e8s sur une longue p\u00e9riode \u00e0 une prise \u00e9lectrique, par exemple au cours d\u2019un voyage d\u2019affaires ou en vacances. Rechargez votre smartphone, tablette, MacBook ou GoPro sur o\u00f9 et quand vous voulez\u00a0!<\/p>\n<p>En bref<br \/>\nPower Bank universel avec batterie interne de 26800 mAh<br \/>\nC\u00e2ble USB-C et Micro USB amovible<br \/>\nPeut recharger quatre appareils mobiles en m\u00eame temps<br \/>\nPeut se d\u00e9charger et recharger en parall\u00e8le.<\/p>\n","protected":false},"excerpt":{"rendered":"<p>Power Bank Infinity 27.000<br \/>\nLe Power Bank Infinity fait partie de la gamme Xtorm Power Bank innovante et \u00e9l\u00e9gante, la ligne XB2. Les Power Banks de cette ligne offrent des caract\u00e9ristiques uniques et ont un design bien r\u00e9fl\u00e9chi.<br \/>\nAvec le Power Bank Infinity, vous pouvez recharger vos appareils mobiles \u00e0 l\u2019infini o\u00f9 que vous soyez. Ce Power Bank a une batterie interne de 26800 mAh. Avec cette grande quantit\u00e9 d\u2019\u00e9nergie, vous pouvez certainement recharger treize fois un smartphone ou au moins trois fois une tablette ou un MacBook. En outre, il est possible de recharger quatre appareils en m\u00eame temps. Cette batterie de secours affiche en outre un look \u00e9l\u00e9gant gr\u00e2ce \u00e0 sa finition en caoutchouc.<br \/>\nLe Power Bank Infinity poss\u00e8de un petit c\u00e2ble USB-C et micro USB amovible permettant de recharger des appareils mobiles. Vous avez ainsi toujours un petit c\u00e2ble \u00e0 port\u00e9e de main, si n\u00e9cessaire. En outre, le Power Bank Infinity dispose d\u2019un port USB-C 45 watts enti\u00e8rement compatible pour recharger m\u00eame les mod\u00e8les MacBook les plus r\u00e9cents et les ordinateurs portables avec branchement USB-C.<br \/>\nDe plus, le Power Bank peut se d\u00e9charger et recharger en parall\u00e8le. Vous pouvez donc recharger vos appareils mobiles pendant la recharge du Power Bank. La quantit\u00e9 de batterie qu\u2019utilise le Power Banque est visible en un coup d\u2019\u0153il\u00a0: elle s\u2019affiche en fait \u00e0 l\u2019aide de l\u2019\u00e9clairage LED autour du bouton marche-arr\u00eat.<br \/>\nLe Power Bank Infinity 27.000 vous permet de recharger de fa\u00e7on id\u00e9ale si vous n\u2019avez pas acc\u00e8s sur une longue p\u00e9riode \u00e0 une prise \u00e9lectrique, par exemple au cours d\u2019un voyage d\u2019affaires ou en vacances. Rechargez votre smartphone, tablette, MacBook ou GoPro sur o\u00f9 et quand vous voulez\u00a0!<\/p>\n<p>En bref<br \/>\nPower Bank universel avec batterie interne de 26800 mAh<br \/>\nC\u00e2ble USB-C et Micro USB amovible<br \/>\nPeut recharger quatre appareils mobiles en m\u00eame temps<br \/>\nPeut se d\u00e9charger et recharger en parall\u00e8le. [&#8230;]<\/p>\n<p><a class=\"btn btn-secondary understrap-read-more-link\" href=\"https:\/\/promz.be\/fr\/product\/xb203-xtorm-45w-usb-c-power-bank-infinity-27000\/\">Lire la suite&#8230;<\/a><\/p>\n","protected":false},"featured_media":18880,"comment_status":"closed","ping_status":"closed","template":"","meta":[],"product_cat":[1006,956],"product_tag":[6149],"_links":{"self":[{"href":"https:\/\/promz.be\/fr\/wp-json\/wp\/v2\/product\/17921"}],"collection":[{"href":"https:\/\/promz.be\/fr\/wp-json\/wp\/v2\/product"}],"about":[{"href":"https:\/\/promz.be\/fr\/wp-json\/wp\/v2\/types\/product"}],"replies":[{"embeddable":true,"href":"https:\/\/promz.be\/fr\/wp-json\/wp\/v2\/comments?post=17921"}],"wp:featuredmedia":[{"embeddable":true,"href":"https:\/\/promz.be\/fr\/wp-json\/wp\/v2\/media\/18880"}],"wp:attachment":[{"href":"https:\/\/promz.be\/fr\/wp-json\/wp\/v2\/media?parent=17921"}],"wp:term":[{"taxonomy":"product_cat","embeddable":true,"href":"https:\/\/promz.be\/fr\/wp-json\/wp\/v2\/product_cat?post=17921"},{"taxonomy":"product_tag","embeddable":true,"href":"https:\/\/promz.be\/fr\/wp-json\/wp\/v2\/product_tag?post=17921"}],"curies":[{"name":"wp","href":"https:\/\/api.w.org\/{rel}","templated":true}]}}