{"id":17929,"date":"2018-06-12T00:00:00","date_gmt":"2018-09-02T22:00:00","guid":{"rendered":"https:\/\/promz.be\/product\/xpd18-xtorm-usb-power-hub-cube-pro\/"},"modified":"2019-01-11T15:17:32","modified_gmt":"2019-01-11T14:17:32","slug":"xpd18-xtorm-usb-power-hub-cube-pro","status":"publish","type":"product","link":"https:\/\/promz.be\/fr\/product\/xpd18-xtorm-usb-power-hub-cube-pro\/","title":{"rendered":"XPD18 Xtorm USB Power Hub Cube Pro"},"content":{"rendered":"<p>Le concentrateur d\u2019alimentation USB Xtorm Cube Pro est une station de recharge USB qui peut recharger plusieurs appareils simultan\u00e9ment via le secteur. Il est suffisamment petit pour \u00eatre plac\u00e9 partout, que ce soit sur votre bureau, votre table ou votre table de nuit.<br \/>\nDes fonctionnalit\u00e9s puissantes<br \/>\nLe concentrateur d\u2019alimentation USB Xtorm Cube Pro est une station de recharge aliment\u00e9e par secteur avec 4 ports de recharge USB, dont l\u2019un est compatible Quick Charge 3.0. Si votre smartphone est \u00e9galement dot\u00e9 de la fonction Quick Charge 3.0, il sera recharg\u00e9 jusqu\u2019\u00e0 60 % plus rapidement! Le concentrateur dispose \u00e9galement d\u2019une sortie USB-C PD capable de recharger des ordinateurs portables USB-C.<br \/>\nUne conception pratique<br \/>\nLe Cube Pro est livr\u00e9 avec un c\u00e2ble d\u2019alimentation secteur, de sorte que vous puissiez le brancher sur n\u2019importe quelle prise de courant. Son design \u00e9l\u00e9gant et compact en fait la solution parfaite pour d\u00e9sencombrer les bureaux et les tables.<\/p>\n<p>En bref :<br \/>\n\u2022\tRecharge jusqu\u2019\u00e0 5 appareils simultan\u00e9ment<br \/>\n\u2022\tUSB-C PD<br \/>\n\u2022\tQuick Charge 3.0<\/p>\n","protected":false},"excerpt":{"rendered":"<p>Le concentrateur d\u2019alimentation USB Xtorm Cube Pro est une station de recharge USB qui peut recharger plusieurs appareils simultan\u00e9ment via le secteur. Il est suffisamment petit pour \u00eatre plac\u00e9 partout, que ce soit sur votre bureau, votre table ou votre table de nuit.<br \/>\nDes fonctionnalit\u00e9s puissantes<br \/>\nLe concentrateur d\u2019alimentation USB Xtorm Cube Pro est une station de recharge aliment\u00e9e par secteur avec 4 ports de recharge USB, dont l\u2019un est compatible Quick Charge 3.0. Si votre smartphone est \u00e9galement dot\u00e9 de la fonction Quick Charge 3.0, il sera recharg\u00e9 jusqu\u2019\u00e0 60 % plus rapidement! Le concentrateur dispose \u00e9galement d\u2019une sortie USB-C PD capable de recharger des ordinateurs portables USB-C.<br \/>\nUne conception pratique<br \/>\nLe Cube Pro est livr\u00e9 avec un c\u00e2ble d\u2019alimentation secteur, de sorte que vous puissiez le brancher sur n\u2019importe quelle prise de courant. Son design \u00e9l\u00e9gant et compact en fait la solution parfaite pour d\u00e9sencombrer les bureaux et les tables.<\/p>\n<p>En bref :<br \/>\n\u2022\tRecharge jusqu\u2019\u00e0 5 appareils simultan\u00e9ment<br \/>\n\u2022\tUSB-C PD<br \/>\n\u2022\tQuick Charge 3.0 [&#8230;]<\/p>\n<p><a class=\"btn btn-secondary understrap-read-more-link\" href=\"https:\/\/promz.be\/fr\/product\/xpd18-xtorm-usb-power-hub-cube-pro\/\">Lire la suite&#8230;<\/a><\/p>\n","protected":false},"featured_media":18970,"comment_status":"closed","ping_status":"closed","template":"","meta":[],"product_cat":[1006,956],"product_tag":[6148,6149],"_links":{"self":[{"href":"https:\/\/promz.be\/fr\/wp-json\/wp\/v2\/product\/17929"}],"collection":[{"href":"https:\/\/promz.be\/fr\/wp-json\/wp\/v2\/product"}],"about":[{"href":"https:\/\/promz.be\/fr\/wp-json\/wp\/v2\/types\/product"}],"replies":[{"embeddable":true,"href":"https:\/\/promz.be\/fr\/wp-json\/wp\/v2\/comments?post=17929"}],"wp:featuredmedia":[{"embeddable":true,"href":"https:\/\/promz.be\/fr\/wp-json\/wp\/v2\/media\/18970"}],"wp:attachment":[{"href":"https:\/\/promz.be\/fr\/wp-json\/wp\/v2\/media?parent=17929"}],"wp:term":[{"taxonomy":"product_cat","embeddable":true,"href":"https:\/\/promz.be\/fr\/wp-json\/wp\/v2\/product_cat?post=17929"},{"taxonomy":"product_tag","embeddable":true,"href":"https:\/\/promz.be\/fr\/wp-json\/wp\/v2\/product_tag?post=17929"}],"curies":[{"name":"wp","href":"https:\/\/api.w.org\/{rel}","templated":true}]}}