{"id":17930,"date":"2018-10-30T00:00:00","date_gmt":"2018-06-12T22:00:00","guid":{"rendered":"https:\/\/promz.be\/product\/xpd19-xtorm-usb-power-hub-vigor-pro\/"},"modified":"2019-01-11T14:24:56","modified_gmt":"2019-01-11T13:24:56","slug":"xpd19-xtorm-usb-power-hub-vigor-pro","status":"publish","type":"product","link":"https:\/\/promz.be\/fr\/product\/xpd19-xtorm-usb-power-hub-vigor-pro\/","title":{"rendered":"XPD19 Xtorm USB Power Hub Vigor Pro"},"content":{"rendered":"<p>Le concentrateur d\u2019alimentation Vigor Pro de Xtorm vous permet de charger jusqu\u2019\u00e0 sept appareils en m\u00eame temps en utilisant une seule prise secteur. Le concentrateur d\u2019alimentation est une solution id\u00e9ale pour \u00e9conomiser de l\u2019espace afin de ranger votre bureau, \u00e0 la maison ou au travail. Il dispose de puissantes fonctionnalit\u00e9s telles qu\u2019une sortie USB-C\u2122 PD 60W, Quick Charge 3.0 et la recharge rapide sans fil.<br \/>\nDes fonctionnalit\u00e9s puissantes<br \/>\nLes derniers MacBook et autres ordinateurs portables USB-C peuvent \u00eatre recharg\u00e9s \u00e0 l\u2019aide du puissant port USB-C PD (Power Delivery) de 60 W. Cette technologie permet de recharger des appareils connect\u00e9s rapidement et en toute s\u00e9curit\u00e9 en mesurant exactement la puissance requise. En outre, le concentrateur dispose de 5 ports USB, dont l\u2019un est \u00e9quip\u00e9 de la fonction Quick Charge 3.0 qui permet de recharger des appareils mobiles compatibles jusqu\u2019\u00e0 85 % plus rapidement.<br \/>\nRecharge sans fil<br \/>\nLe Vigor Pro dispose d\u2019un socle de recharge sans fil int\u00e9gr\u00e9 sur le dessus du concentrateur. L\u2019utilisation de la technologie sans fil Qi est synonyme de recharge sans c\u00e2ble et sans encombrement, \u00e0 des vitesses allant jusqu\u2019\u00e0 10 W (y compris la recharge rapide sans fil 7,5 W d\u2019Apple). Il suffit de poser votre smartphone sur le concentrateur et la recharge d\u00e9marre automatiquement. Vous n\u2019avez m\u00eame pas besoin d\u2019enlever votre coque de protection, Vigor Pro est con\u00e7u de telle mani\u00e8re qu\u2019il effectue la recharge \u00e0 travers les coques en toute facilit\u00e9*. <\/p>\n<p>* Une coque m\u00e9tallique a un effet n\u00e9gatif sur le processus de recharge sans fil, car la recharge sans fil Qi fonctionne \u00e0 l\u2019aide d\u2019un syst\u00e8me de bobines d\u2019induction magn\u00e9tique. <\/p>\n<p>Veuillez noter : La charge USB-C PD n\u00e9cessite un c\u00e2ble USB-C PD compatible (par ex. le c\u00e2ble CS031 &#8211; Xtorm Solid Blue USB-C PD)<br \/>\nUSB Type-C\u2122 et USB-C\u2122 sont des marques d\u00e9pos\u00e9es de l\u2019USB Implementers Forum<\/p>\n","protected":false},"excerpt":{"rendered":"<p>Le concentrateur d\u2019alimentation Vigor Pro de Xtorm vous permet de charger jusqu\u2019\u00e0 sept appareils en m\u00eame temps en utilisant une seule prise secteur. Le concentrateur d\u2019alimentation est une solution id\u00e9ale pour \u00e9conomiser de l\u2019espace afin de ranger votre bureau, \u00e0 la maison ou au travail. Il dispose de puissantes fonctionnalit\u00e9s telles qu\u2019une sortie USB-C\u2122 PD 60W, Quick Charge 3.0 et la recharge rapide sans fil.<br \/>\nDes fonctionnalit\u00e9s puissantes<br \/>\nLes derniers MacBook et autres ordinateurs portables USB-C peuvent \u00eatre recharg\u00e9s \u00e0 l\u2019aide du puissant port USB-C PD (Power Delivery) de 60 W. Cette technologie permet de recharger des appareils connect\u00e9s rapidement et en toute s\u00e9curit\u00e9 en mesurant exactement la puissance requise. En outre, le concentrateur dispose de 5 ports USB, dont l\u2019un est \u00e9quip\u00e9 de la fonction Quick Charge 3.0 qui permet de recharger des appareils mobiles compatibles jusqu\u2019\u00e0 85 % plus rapidement.<br \/>\nRecharge sans fil<br \/>\nLe Vigor Pro dispose d\u2019un socle de recharge sans fil int\u00e9gr\u00e9 sur le dessus du concentrateur. L\u2019utilisation de la technologie sans fil Qi est synonyme de recharge sans c\u00e2ble et sans encombrement, \u00e0 des vitesses allant jusqu\u2019\u00e0 10 W (y compris la recharge rapide sans fil 7,5 W d\u2019Apple). Il suffit de poser votre smartphone sur le concentrateur et la recharge d\u00e9marre automatiquement. Vous n\u2019avez m\u00eame pas besoin d\u2019enlever votre coque de protection, Vigor Pro est con\u00e7u de telle mani\u00e8re qu\u2019il effectue la recharge \u00e0 travers les coques en toute facilit\u00e9*. <\/p>\n<p>* Une coque m\u00e9tallique a un effet n\u00e9gatif sur le processus de recharge sans fil, car la recharge sans fil Qi fonctionne \u00e0 l\u2019aide d\u2019un syst\u00e8me de bobines d\u2019induction magn\u00e9tique. <\/p>\n<p>Veuillez noter : La charge USB-C PD n\u00e9cessite un c\u00e2ble USB-C PD compatible (par ex. le c\u00e2ble CS031 &#8211; Xtorm Solid Blue USB-C PD)<br \/>\nUSB Type-C\u2122 et USB-C\u2122 sont des marques d\u00e9pos\u00e9es de l\u2019USB Implementers Forum [&#8230;]<\/p>\n<p><a class=\"btn btn-secondary understrap-read-more-link\" href=\"https:\/\/promz.be\/fr\/product\/xpd19-xtorm-usb-power-hub-vigor-pro\/\">Lire la suite&#8230;<\/a><\/p>\n","protected":false},"featured_media":18764,"comment_status":"closed","ping_status":"closed","template":"","meta":[],"product_cat":[1006,956],"product_tag":[6148,6149],"_links":{"self":[{"href":"https:\/\/promz.be\/fr\/wp-json\/wp\/v2\/product\/17930"}],"collection":[{"href":"https:\/\/promz.be\/fr\/wp-json\/wp\/v2\/product"}],"about":[{"href":"https:\/\/promz.be\/fr\/wp-json\/wp\/v2\/types\/product"}],"replies":[{"embeddable":true,"href":"https:\/\/promz.be\/fr\/wp-json\/wp\/v2\/comments?post=17930"}],"wp:featuredmedia":[{"embeddable":true,"href":"https:\/\/promz.be\/fr\/wp-json\/wp\/v2\/media\/18764"}],"wp:attachment":[{"href":"https:\/\/promz.be\/fr\/wp-json\/wp\/v2\/media?parent=17930"}],"wp:term":[{"taxonomy":"product_cat","embeddable":true,"href":"https:\/\/promz.be\/fr\/wp-json\/wp\/v2\/product_cat?post=17930"},{"taxonomy":"product_tag","embeddable":true,"href":"https:\/\/promz.be\/fr\/wp-json\/wp\/v2\/product_tag?post=17930"}],"curies":[{"name":"wp","href":"https:\/\/api.w.org\/{rel}","templated":true}]}}