{"id":17936,"date":"2018-09-10T00:00:00","date_gmt":"2018-06-18T22:00:00","guid":{"rendered":"https:\/\/promz.be\/product\/cs030-xtorm-solid-blue-usb-c-cable-1m\/"},"modified":"2019-01-11T15:03:40","modified_gmt":"2019-01-11T14:03:40","slug":"cs030-xtorm-solid-blue-usb-c-cable-1m","status":"publish","type":"product","link":"https:\/\/promz.be\/fr\/product\/cs030-xtorm-solid-blue-usb-c-cable-1m\/","title":{"rendered":"CS030 Xtorm Solid Blue USB-C cable (1m)"},"content":{"rendered":"<p>Les c\u00e2bles Xtorm Solid Blue sont ultra r\u00e9sistants et con\u00e7us pour durer. Chaque d\u00e9tail est con\u00e7u pour r\u00e9sister \u00e0 l\u2019usure caus\u00e9e par un usage intensif.<br \/>\nMat\u00e9riaux ultra r\u00e9sistants<br \/>\nLes c\u00e2bles des s\u00e9ries Solid Blue sont fabriqu\u00e9s dans un mat\u00e9riau composite multicouche qui contient du nylon tress\u00e9 et de la fibre DuPont\u2122 Kevlar\u00ae. Ce mat\u00e9riau composite conf\u00e8re au c\u00e2ble sa solidit\u00e9 et sa durabilit\u00e9.<br \/>\nR\u00e9sistance \u00e0 la courbure<br \/>\nChaque c\u00e2ble Solid Blue contient XFLEX\u2074, une technologie qui garantit que les connecteurs aux deux extr\u00e9mit\u00e9s du c\u00e2ble sont r\u00e9sistants \u00e0 la courbure. Ceci a \u00e9t\u00e9 test\u00e9 dans des conditions extr\u00eames en pliant le c\u00e2ble plus de 30 000 fois, pour veiller \u00e0 ce qu\u2019ils soient de la meilleure qualit\u00e9.<br \/>\nUne garantie \u00e0 vie<br \/>\nLes c\u00e2bles Xtorm Solid Blue sont con\u00e7us pour \u00eatre garantis \u00e0 vie. Ils poss\u00e8dent une conception intelligente qui inclut des innovations comme XFLEX\u2074 et qui utilise un mat\u00e9riau composite ultra r\u00e9sistant \u00e0 base de Kevlar\u00ae pour le c\u00e2ble. Ces qualit\u00e9s nous permettent d\u2019offrir une garantie \u00e0 vie* pour tous les c\u00e2bles Solid Blue.  <\/p>\n<p>*Nous offrons une garantie \u00e0 vie sur l\u2019utilisation de ce produit. Cette garantie expirera an cas d\u2019usage incorrect.<br \/>\nDuPont\u2122 et Kevlar\u00ae sont des marques ou marques d\u00e9pos\u00e9es d\u2019E.I. du Pont de Nemours and Company.<\/p>\n","protected":false},"excerpt":{"rendered":"<p>Les c\u00e2bles Xtorm Solid Blue sont ultra r\u00e9sistants et con\u00e7us pour durer. Chaque d\u00e9tail est con\u00e7u pour r\u00e9sister \u00e0 l\u2019usure caus\u00e9e par un usage intensif.<br \/>\nMat\u00e9riaux ultra r\u00e9sistants<br \/>\nLes c\u00e2bles des s\u00e9ries Solid Blue sont fabriqu\u00e9s dans un mat\u00e9riau composite multicouche qui contient du nylon tress\u00e9 et de la fibre DuPont\u2122 Kevlar\u00ae. Ce mat\u00e9riau composite conf\u00e8re au c\u00e2ble sa solidit\u00e9 et sa durabilit\u00e9.<br \/>\nR\u00e9sistance \u00e0 la courbure<br \/>\nChaque c\u00e2ble Solid Blue contient XFLEX\u2074, une technologie qui garantit que les connecteurs aux deux extr\u00e9mit\u00e9s du c\u00e2ble sont r\u00e9sistants \u00e0 la courbure. Ceci a \u00e9t\u00e9 test\u00e9 dans des conditions extr\u00eames en pliant le c\u00e2ble plus de 30 000 fois, pour veiller \u00e0 ce qu\u2019ils soient de la meilleure qualit\u00e9.<br \/>\nUne garantie \u00e0 vie<br \/>\nLes c\u00e2bles Xtorm Solid Blue sont con\u00e7us pour \u00eatre garantis \u00e0 vie. Ils poss\u00e8dent une conception intelligente qui inclut des innovations comme XFLEX\u2074 et qui utilise un mat\u00e9riau composite ultra r\u00e9sistant \u00e0 base de Kevlar\u00ae pour le c\u00e2ble. Ces qualit\u00e9s nous permettent d\u2019offrir une garantie \u00e0 vie* pour tous les c\u00e2bles Solid Blue.  <\/p>\n<p>*Nous offrons une garantie \u00e0 vie sur l\u2019utilisation de ce produit. Cette garantie expirera an cas d\u2019usage incorrect.<br \/>\nDuPont\u2122 et Kevlar\u00ae sont des marques ou marques d\u00e9pos\u00e9es d\u2019E.I. du Pont de Nemours and Company. [&#8230;]<\/p>\n<p><a class=\"btn btn-secondary understrap-read-more-link\" href=\"https:\/\/promz.be\/fr\/product\/cs030-xtorm-solid-blue-usb-c-cable-1m\/\">Lire la suite&#8230;<\/a><\/p>\n","protected":false},"featured_media":18922,"comment_status":"closed","ping_status":"closed","template":"","meta":[],"product_cat":[1026,1006,956],"product_tag":[],"_links":{"self":[{"href":"https:\/\/promz.be\/fr\/wp-json\/wp\/v2\/product\/17936"}],"collection":[{"href":"https:\/\/promz.be\/fr\/wp-json\/wp\/v2\/product"}],"about":[{"href":"https:\/\/promz.be\/fr\/wp-json\/wp\/v2\/types\/product"}],"replies":[{"embeddable":true,"href":"https:\/\/promz.be\/fr\/wp-json\/wp\/v2\/comments?post=17936"}],"wp:featuredmedia":[{"embeddable":true,"href":"https:\/\/promz.be\/fr\/wp-json\/wp\/v2\/media\/18922"}],"wp:attachment":[{"href":"https:\/\/promz.be\/fr\/wp-json\/wp\/v2\/media?parent=17936"}],"wp:term":[{"taxonomy":"product_cat","embeddable":true,"href":"https:\/\/promz.be\/fr\/wp-json\/wp\/v2\/product_cat?post=17936"},{"taxonomy":"product_tag","embeddable":true,"href":"https:\/\/promz.be\/fr\/wp-json\/wp\/v2\/product_tag?post=17936"}],"curies":[{"name":"wp","href":"https:\/\/api.w.org\/{rel}","templated":true}]}}