{"id":17940,"date":"2018-08-14T00:00:00","date_gmt":"2018-08-29T22:00:00","guid":{"rendered":"https:\/\/promz.be\/product\/cx010-xtorm-lightning-usb-cable-25m\/"},"modified":"2019-01-11T14:47:30","modified_gmt":"2019-01-11T13:47:30","slug":"cx010-xtorm-lightning-usb-cable-25m","status":"publish","type":"product","link":"https:\/\/promz.be\/fr\/product\/cx010-xtorm-lightning-usb-cable-25m\/","title":{"rendered":"CX010 Xtorm Lightning USB cable (2,5m)"},"content":{"rendered":"<p>Les c\u00e2bles Xtorm sont des c\u00e2bles haut de gamme bien con\u00e7us. Parfaits pour recharger tous vos appareils mobiles. Nos c\u00e2bles disposent d\u2019une gaine tiss\u00e9e tr\u00e8s robuste, de sorte qu\u2019ils peuvent \u00eatre rang\u00e9s en toute s\u00e9curit\u00e9 dans un sac ou une poche. Compatibles avec les smartphones et tablettes de Apple<\/p>\n<p>\u2022\tExtra robuste<br \/>\n\u2022\tC\u00e2ble en nylon tiss\u00e9<br \/>\n\u2022\tDesign unique<br \/>\n\u2022\tCharge rapide<br \/>\n\u2022\tSorties USB doubles et haute puissance<\/p>\n","protected":false},"excerpt":{"rendered":"<p>Les c\u00e2bles Xtorm sont des c\u00e2bles haut de gamme bien con\u00e7us. Parfaits pour recharger tous vos appareils mobiles. Nos c\u00e2bles disposent d\u2019une gaine tiss\u00e9e tr\u00e8s robuste, de sorte qu\u2019ils peuvent \u00eatre rang\u00e9s en toute s\u00e9curit\u00e9 dans un sac ou une poche. Compatibles avec les smartphones et tablettes de Apple<\/p>\n<p>\u2022\tExtra robuste<br \/>\n\u2022\tC\u00e2ble en nylon tiss\u00e9<br \/>\n\u2022\tDesign unique<br \/>\n\u2022\tCharge rapide<br \/>\n\u2022\tSorties USB doubles et haute puissance [&#8230;]<\/p>\n<p><a class=\"btn btn-secondary understrap-read-more-link\" href=\"https:\/\/promz.be\/fr\/product\/cx010-xtorm-lightning-usb-cable-25m\/\">Lire la suite&#8230;<\/a><\/p>\n","protected":false},"featured_media":18836,"comment_status":"closed","ping_status":"closed","template":"","meta":[],"product_cat":[1026,1006,956],"product_tag":[],"_links":{"self":[{"href":"https:\/\/promz.be\/fr\/wp-json\/wp\/v2\/product\/17940"}],"collection":[{"href":"https:\/\/promz.be\/fr\/wp-json\/wp\/v2\/product"}],"about":[{"href":"https:\/\/promz.be\/fr\/wp-json\/wp\/v2\/types\/product"}],"replies":[{"embeddable":true,"href":"https:\/\/promz.be\/fr\/wp-json\/wp\/v2\/comments?post=17940"}],"wp:featuredmedia":[{"embeddable":true,"href":"https:\/\/promz.be\/fr\/wp-json\/wp\/v2\/media\/18836"}],"wp:attachment":[{"href":"https:\/\/promz.be\/fr\/wp-json\/wp\/v2\/media?parent=17940"}],"wp:term":[{"taxonomy":"product_cat","embeddable":true,"href":"https:\/\/promz.be\/fr\/wp-json\/wp\/v2\/product_cat?post=17940"},{"taxonomy":"product_tag","embeddable":true,"href":"https:\/\/promz.be\/fr\/wp-json\/wp\/v2\/product_tag?post=17940"}],"curies":[{"name":"wp","href":"https:\/\/api.w.org\/{rel}","templated":true}]}}