{"id":17941,"date":"2018-11-06T00:00:00","date_gmt":"2018-09-06T22:00:00","guid":{"rendered":"https:\/\/promz.be\/product\/cx011-xtorm-usb-c-charging-cable\/"},"modified":"2019-01-11T14:31:22","modified_gmt":"2019-01-11T13:31:22","slug":"cx011-xtorm-usb-c-charging-cable","status":"publish","type":"product","link":"https:\/\/promz.be\/fr\/product\/cx011-xtorm-usb-c-charging-cable\/","title":{"rendered":"CX011 Xtorm USB-C charging cable"},"content":{"rendered":"<p>Des c\u00e2bles USB-C r\u00e9sistants et tress\u00e9s pour recharger vos appareils avec USB-C ou pour la synchronisation des donn\u00e9es. Les c\u00e2bles USB-C Xtorm contiennent une puce sp\u00e9ciale \u00ab Dynamic Power \u00bb. La puce Dynamic Power adapte automatiquement le voltage et la vitesse de charge en fonction de l\u2019appareil branch\u00e9. <\/p>\n<p>Ce c\u00e2ble Xtorm poss\u00e8de un connecteur USB-C pour assurer le transfert vers un branchement USB m\u00e2le \u00ab conventionnel \u00bb.<\/p>\n","protected":false},"excerpt":{"rendered":"<p>Des c\u00e2bles USB-C r\u00e9sistants et tress\u00e9s pour recharger vos appareils avec USB-C ou pour la synchronisation des donn\u00e9es. Les c\u00e2bles USB-C Xtorm contiennent une puce sp\u00e9ciale \u00ab Dynamic Power \u00bb. La puce Dynamic Power adapte automatiquement le voltage et la vitesse de charge en fonction de l\u2019appareil branch\u00e9. <\/p>\n<p>Ce c\u00e2ble Xtorm poss\u00e8de un connecteur USB-C pour assurer le transfert vers un branchement USB m\u00e2le \u00ab conventionnel \u00bb. [&#8230;]<\/p>\n<p><a class=\"btn btn-secondary understrap-read-more-link\" href=\"https:\/\/promz.be\/fr\/product\/cx011-xtorm-usb-c-charging-cable\/\">Lire la suite&#8230;<\/a><\/p>\n","protected":false},"featured_media":18778,"comment_status":"closed","ping_status":"closed","template":"","meta":[],"product_cat":[1026,1006,956],"product_tag":[],"_links":{"self":[{"href":"https:\/\/promz.be\/fr\/wp-json\/wp\/v2\/product\/17941"}],"collection":[{"href":"https:\/\/promz.be\/fr\/wp-json\/wp\/v2\/product"}],"about":[{"href":"https:\/\/promz.be\/fr\/wp-json\/wp\/v2\/types\/product"}],"replies":[{"embeddable":true,"href":"https:\/\/promz.be\/fr\/wp-json\/wp\/v2\/comments?post=17941"}],"wp:featuredmedia":[{"embeddable":true,"href":"https:\/\/promz.be\/fr\/wp-json\/wp\/v2\/media\/18778"}],"wp:attachment":[{"href":"https:\/\/promz.be\/fr\/wp-json\/wp\/v2\/media?parent=17941"}],"wp:term":[{"taxonomy":"product_cat","embeddable":true,"href":"https:\/\/promz.be\/fr\/wp-json\/wp\/v2\/product_cat?post=17941"},{"taxonomy":"product_tag","embeddable":true,"href":"https:\/\/promz.be\/fr\/wp-json\/wp\/v2\/product_tag?post=17941"}],"curies":[{"name":"wp","href":"https:\/\/api.w.org\/{rel}","templated":true}]}}