{"id":17943,"date":"2018-07-12T00:00:00","date_gmt":"2018-07-11T22:00:00","guid":{"rendered":"https:\/\/promz.be\/product\/cx014-xtorm-ac-adapter-4-usb-ports\/"},"modified":"2019-01-11T15:37:37","modified_gmt":"2019-01-11T14:37:37","slug":"cx014-xtorm-ac-adapter-4-usb-ports","status":"publish","type":"product","link":"https:\/\/promz.be\/fr\/product\/cx014-xtorm-ac-adapter-4-usb-ports\/","title":{"rendered":"CX014 Xtorm AC Adapter 4 USB Ports"},"content":{"rendered":"<p>Les adaptateurs Xtorm AC sont de haute qualit\u00e9 et dotes d\u2019un design raffin\u00e9. La solution id\u00e9ale pour la recharge de tous les appareils USB. Convient aux smartphones, tablettes, liseuses \u00e9lectroniques, consoles de jeux et autres appareils USB.<\/p>\n<p>Adaptateur USB AC Xtorm. Convient \u00e0 la recharge de 4 appareils USB portables. Total max. 4,8 A.<\/p>\n","protected":false},"excerpt":{"rendered":"<p>Les adaptateurs Xtorm AC sont de haute qualit\u00e9 et dotes d\u2019un design raffin\u00e9. La solution id\u00e9ale pour la recharge de tous les appareils USB. Convient aux smartphones, tablettes, liseuses \u00e9lectroniques, consoles de jeux et autres appareils USB.<\/p>\n<p>Adaptateur USB AC Xtorm. Convient \u00e0 la recharge de 4 appareils USB portables. Total max. 4,8 A. [&#8230;]<\/p>\n<p><a class=\"btn btn-secondary understrap-read-more-link\" href=\"https:\/\/promz.be\/fr\/product\/cx014-xtorm-ac-adapter-4-usb-ports\/\">Lire la suite&#8230;<\/a><\/p>\n","protected":false},"featured_media":19054,"comment_status":"closed","ping_status":"closed","template":"","meta":[],"product_cat":[1026,1006,956],"product_tag":[],"_links":{"self":[{"href":"https:\/\/promz.be\/fr\/wp-json\/wp\/v2\/product\/17943"}],"collection":[{"href":"https:\/\/promz.be\/fr\/wp-json\/wp\/v2\/product"}],"about":[{"href":"https:\/\/promz.be\/fr\/wp-json\/wp\/v2\/types\/product"}],"replies":[{"embeddable":true,"href":"https:\/\/promz.be\/fr\/wp-json\/wp\/v2\/comments?post=17943"}],"wp:featuredmedia":[{"embeddable":true,"href":"https:\/\/promz.be\/fr\/wp-json\/wp\/v2\/media\/19054"}],"wp:attachment":[{"href":"https:\/\/promz.be\/fr\/wp-json\/wp\/v2\/media?parent=17943"}],"wp:term":[{"taxonomy":"product_cat","embeddable":true,"href":"https:\/\/promz.be\/fr\/wp-json\/wp\/v2\/product_cat?post=17943"},{"taxonomy":"product_tag","embeddable":true,"href":"https:\/\/promz.be\/fr\/wp-json\/wp\/v2\/product_tag?post=17943"}],"curies":[{"name":"wp","href":"https:\/\/api.w.org\/{rel}","templated":true}]}}