{"id":17944,"date":"2018-06-13T00:00:00","date_gmt":"2018-09-10T22:00:00","guid":{"rendered":"https:\/\/promz.be\/product\/cx018-xtorm-ac-adapter-usbusb-c\/"},"modified":"2019-01-11T15:18:53","modified_gmt":"2019-01-11T14:18:53","slug":"cx018-xtorm-ac-adapter-usbusb-c","status":"publish","type":"product","link":"https:\/\/promz.be\/fr\/product\/cx018-xtorm-ac-adapter-usbusb-c\/","title":{"rendered":"CX018 Xtorm AC Adapter, USB+USB-C"},"content":{"rendered":"<p>Cet adaptateur AC poss\u00e8de 2 sorties ; un port USB et un port USB-C. Le port USB vous permet de recharger des appareils portables comme un smartphone, une tablette, une liseuse \u00e9lectronique ou un appareil photo. Vous pouvez en outre recharger les mod\u00e8les MacBook les plus r\u00e9cents (\u00e0 partir de 2015) en utilisant le port USB-C. Avec cet adaptateur, vous pouvez recharger plusieurs appareils au m\u00eame moment. Vous pouvez ainsi recharger simultan\u00e9ment votre smartphone et votre MacBook.<br \/>\nLes adaptateurs AC de Xtorm sont de haute qualit\u00e9 avec un design \u00e9pur\u00e9. Cet adaptateur propose une solution parfaite pour la recharge de tous les appareils USB. L\u2019adaptateur AC est id\u00e9al pour recharger vos appareils \u00e0 un seul endroit et est pratique pendant les vacances ou lors de d\u00e9placements professionnels.<\/p>\n","protected":false},"excerpt":{"rendered":"<p>Cet adaptateur AC poss\u00e8de 2 sorties ; un port USB et un port USB-C. Le port USB vous permet de recharger des appareils portables comme un smartphone, une tablette, une liseuse \u00e9lectronique ou un appareil photo. Vous pouvez en outre recharger les mod\u00e8les MacBook les plus r\u00e9cents (\u00e0 partir de 2015) en utilisant le port USB-C. Avec cet adaptateur, vous pouvez recharger plusieurs appareils au m\u00eame moment. Vous pouvez ainsi recharger simultan\u00e9ment votre smartphone et votre MacBook.<br \/>\nLes adaptateurs AC de Xtorm sont de haute qualit\u00e9 avec un design \u00e9pur\u00e9. Cet adaptateur propose une solution parfaite pour la recharge de tous les appareils USB. L\u2019adaptateur AC est id\u00e9al pour recharger vos appareils \u00e0 un seul endroit et est pratique pendant les vacances ou lors de d\u00e9placements professionnels. [&#8230;]<\/p>\n<p><a class=\"btn btn-secondary understrap-read-more-link\" href=\"https:\/\/promz.be\/fr\/product\/cx018-xtorm-ac-adapter-usbusb-c\/\">Lire la suite&#8230;<\/a><\/p>\n","protected":false},"featured_media":18978,"comment_status":"closed","ping_status":"closed","template":"","meta":[],"product_cat":[1026,1006,956],"product_tag":[],"_links":{"self":[{"href":"https:\/\/promz.be\/fr\/wp-json\/wp\/v2\/product\/17944"}],"collection":[{"href":"https:\/\/promz.be\/fr\/wp-json\/wp\/v2\/product"}],"about":[{"href":"https:\/\/promz.be\/fr\/wp-json\/wp\/v2\/types\/product"}],"replies":[{"embeddable":true,"href":"https:\/\/promz.be\/fr\/wp-json\/wp\/v2\/comments?post=17944"}],"wp:featuredmedia":[{"embeddable":true,"href":"https:\/\/promz.be\/fr\/wp-json\/wp\/v2\/media\/18978"}],"wp:attachment":[{"href":"https:\/\/promz.be\/fr\/wp-json\/wp\/v2\/media?parent=17944"}],"wp:term":[{"taxonomy":"product_cat","embeddable":true,"href":"https:\/\/promz.be\/fr\/wp-json\/wp\/v2\/product_cat?post=17944"},{"taxonomy":"product_tag","embeddable":true,"href":"https:\/\/promz.be\/fr\/wp-json\/wp\/v2\/product_tag?post=17944"}],"curies":[{"name":"wp","href":"https:\/\/api.w.org\/{rel}","templated":true}]}}