{"id":17945,"date":"2018-11-12T00:00:00","date_gmt":"2018-11-18T23:00:00","guid":{"rendered":"https:\/\/promz.be\/product\/cx022-xtorm-ac-adapter-usb-quick-charge-3-0-18w\/"},"modified":"2019-01-11T14:39:09","modified_gmt":"2019-01-11T13:39:09","slug":"cx022-xtorm-ac-adapter-usb-quick-charge-3-0-18w","status":"publish","type":"product","link":"https:\/\/promz.be\/fr\/product\/cx022-xtorm-ac-adapter-usb-quick-charge-3-0-18w\/","title":{"rendered":"CX022 Xtorm AC Adapter USB Quick Charge 3.0 (18W)"},"content":{"rendered":"<p>Les smartphones \u00e0 recharge lente font d\u00e9sormais partie du pass\u00e9 gr\u00e2ce \u00e0 cet adaptateur secteur Xtorm. Il dispose technologie Qualcomm\u00ae Quick Charge\u2122 3.0 d\u2019une puissance de 18 W.<br \/>\nTous les adaptateurs d\u2019alimentation ne sont pas capables de recharger votre appareil rapidement. Cet adaptateur Xtorm utilise la technologie Quick Charge, con\u00e7ue pour recharger les smartphones et autres appareils tr\u00e8s rapidement. Si l\u2019appareil connect\u00e9 est compatible avec Quick Charge 3.0, il se rechargera jusqu\u2019\u00e0 85 % plus vite, vous donnant ainsi le temps et l\u2019\u00e9nergie d\u2019en faire plus !<\/p>\n","protected":false},"excerpt":{"rendered":"<p>Les smartphones \u00e0 recharge lente font d\u00e9sormais partie du pass\u00e9 gr\u00e2ce \u00e0 cet adaptateur secteur Xtorm. Il dispose technologie Qualcomm\u00ae Quick Charge\u2122 3.0 d\u2019une puissance de 18 W.<br \/>\nTous les adaptateurs d\u2019alimentation ne sont pas capables de recharger votre appareil rapidement. Cet adaptateur Xtorm utilise la technologie Quick Charge, con\u00e7ue pour recharger les smartphones et autres appareils tr\u00e8s rapidement. Si l\u2019appareil connect\u00e9 est compatible avec Quick Charge 3.0, il se rechargera jusqu\u2019\u00e0 85 % plus vite, vous donnant ainsi le temps et l\u2019\u00e9nergie d\u2019en faire plus ! [&#8230;]<\/p>\n<p><a class=\"btn btn-secondary understrap-read-more-link\" href=\"https:\/\/promz.be\/fr\/product\/cx022-xtorm-ac-adapter-usb-quick-charge-3-0-18w\/\">Lire la suite&#8230;<\/a><\/p>\n","protected":false},"featured_media":22865,"comment_status":"closed","ping_status":"closed","template":"","meta":[],"product_cat":[1026,1006,956],"product_tag":[],"_links":{"self":[{"href":"https:\/\/promz.be\/fr\/wp-json\/wp\/v2\/product\/17945"}],"collection":[{"href":"https:\/\/promz.be\/fr\/wp-json\/wp\/v2\/product"}],"about":[{"href":"https:\/\/promz.be\/fr\/wp-json\/wp\/v2\/types\/product"}],"replies":[{"embeddable":true,"href":"https:\/\/promz.be\/fr\/wp-json\/wp\/v2\/comments?post=17945"}],"wp:featuredmedia":[{"embeddable":true,"href":"https:\/\/promz.be\/fr\/wp-json\/wp\/v2\/media\/22865"}],"wp:attachment":[{"href":"https:\/\/promz.be\/fr\/wp-json\/wp\/v2\/media?parent=17945"}],"wp:term":[{"taxonomy":"product_cat","embeddable":true,"href":"https:\/\/promz.be\/fr\/wp-json\/wp\/v2\/product_cat?post=17945"},{"taxonomy":"product_tag","embeddable":true,"href":"https:\/\/promz.be\/fr\/wp-json\/wp\/v2\/product_tag?post=17945"}],"curies":[{"name":"wp","href":"https:\/\/api.w.org\/{rel}","templated":true}]}}