{"id":17946,"date":"2018-08-29T00:00:00","date_gmt":"2018-07-02T22:00:00","guid":{"rendered":"https:\/\/promz.be\/product\/cx023-xtorm-ac-adapter-usb-c-pd-29w\/"},"modified":"2019-01-11T14:57:27","modified_gmt":"2019-01-11T13:57:27","slug":"cx023-xtorm-ac-adapter-usb-c-pd-29w","status":"publish","type":"product","link":"https:\/\/promz.be\/fr\/product\/cx023-xtorm-ac-adapter-usb-c-pd-29w\/","title":{"rendered":"CX023 Xtorm AC Adapter USB-C PD (29W)"},"content":{"rendered":"<p>Cet adaptateur d\u2019alimentation 29 W Xtorm dispose d\u2019un port USB-C\u2122 \u00e9quip\u00e9 de la technologie Power Delivery (PD). Il permet de recharger des appareils connect\u00e9s rapidement et en toute s\u00e9curit\u00e9 en mesurant exactement la puissance requise.<\/p>\n","protected":false},"excerpt":{"rendered":"<p>Cet adaptateur d\u2019alimentation 29 W Xtorm dispose d\u2019un port USB-C\u2122 \u00e9quip\u00e9 de la technologie Power Delivery (PD). Il permet de recharger des appareils connect\u00e9s rapidement et en toute s\u00e9curit\u00e9 en mesurant exactement la puissance requise. [&#8230;]<\/p>\n<p><a class=\"btn btn-secondary understrap-read-more-link\" href=\"https:\/\/promz.be\/fr\/product\/cx023-xtorm-ac-adapter-usb-c-pd-29w\/\">Lire la suite&#8230;<\/a><\/p>\n","protected":false},"featured_media":18890,"comment_status":"closed","ping_status":"closed","template":"","meta":[],"product_cat":[1026,1006,956],"product_tag":[],"_links":{"self":[{"href":"https:\/\/promz.be\/fr\/wp-json\/wp\/v2\/product\/17946"}],"collection":[{"href":"https:\/\/promz.be\/fr\/wp-json\/wp\/v2\/product"}],"about":[{"href":"https:\/\/promz.be\/fr\/wp-json\/wp\/v2\/types\/product"}],"replies":[{"embeddable":true,"href":"https:\/\/promz.be\/fr\/wp-json\/wp\/v2\/comments?post=17946"}],"wp:featuredmedia":[{"embeddable":true,"href":"https:\/\/promz.be\/fr\/wp-json\/wp\/v2\/media\/18890"}],"wp:attachment":[{"href":"https:\/\/promz.be\/fr\/wp-json\/wp\/v2\/media?parent=17946"}],"wp:term":[{"taxonomy":"product_cat","embeddable":true,"href":"https:\/\/promz.be\/fr\/wp-json\/wp\/v2\/product_cat?post=17946"},{"taxonomy":"product_tag","embeddable":true,"href":"https:\/\/promz.be\/fr\/wp-json\/wp\/v2\/product_tag?post=17946"}],"curies":[{"name":"wp","href":"https:\/\/api.w.org\/{rel}","templated":true}]}}