{"id":17951,"date":"2018-11-13T00:00:00","date_gmt":"2018-10-31T23:00:00","guid":{"rendered":"https:\/\/promz.be\/product\/xc001-usb-c-hub-4x-usb\/"},"modified":"2019-01-11T14:41:09","modified_gmt":"2019-01-11T13:41:09","slug":"xc001-usb-c-hub-4x-usb","status":"publish","type":"product","link":"https:\/\/promz.be\/fr\/product\/xc001-usb-c-hub-4x-usb\/","title":{"rendered":"XC001 USB-C Hub 4x USB"},"content":{"rendered":"<p>Le Hub USB-C 4x USB fait partie des s\u00e9ries Connected innovantes et \u00e9l\u00e9gantes. Les Hubs premiums de cette ligne ajoutent \u00e0 votre ordinateur portable les possibilit\u00e9s de raccordement dont vous avez besoin.<br \/>\nGr\u00e2ce au USB-C Hub 4x USB, vous disposez toujours de possibilit\u00e9s de raccordement USB suffisantes pour raccorder vos appareils. En outre, il s&#8217;agit de connecteurs USB 3.0. Cela signifie que, lorsque vous raccordez une cl\u00e9 USB 3.0 \u00e0 ce raccordement 3.0, vous atteignez des vitesses allant jusqu&#8217;\u00e0 bien 5 gigabits par seconde. C&#8217;est 10x plus rapide que l&#8217;USB 2.0.<br \/>\nLa fonctionnalit\u00e9 est davantage renforc\u00e9e par le design compact et mince. De cette fa\u00e7on, le Hub s&#8217;emporte facilement et vous permet de disposer toujours et partout de possibilit\u00e9s de raccordement USB suffisantes. De plus, gr\u00e2ce \u00e0 l&#8217;aluminium utilis\u00e9, le Hub est non seulement \u00e9l\u00e9gant, mais il r\u00e9siste aussi aux chocs.<br \/>\nEn bref<br \/>\nRaccordements 4x USB 3.0<br \/>\nDesign compact et mince<br \/>\nBo\u00eetier en aluminium<\/p>\n","protected":false},"excerpt":{"rendered":"<p>Le Hub USB-C 4x USB fait partie des s\u00e9ries Connected innovantes et \u00e9l\u00e9gantes. Les Hubs premiums de cette ligne ajoutent \u00e0 votre ordinateur portable les possibilit\u00e9s de raccordement dont vous avez besoin.<br \/>\nGr\u00e2ce au USB-C Hub 4x USB, vous disposez toujours de possibilit\u00e9s de raccordement USB suffisantes pour raccorder vos appareils. En outre, il s&#8217;agit de connecteurs USB 3.0. Cela signifie que, lorsque vous raccordez une cl\u00e9 USB 3.0 \u00e0 ce raccordement 3.0, vous atteignez des vitesses allant jusqu&#8217;\u00e0 bien 5 gigabits par seconde. C&#8217;est 10x plus rapide que l&#8217;USB 2.0.<br \/>\nLa fonctionnalit\u00e9 est davantage renforc\u00e9e par le design compact et mince. De cette fa\u00e7on, le Hub s&#8217;emporte facilement et vous permet de disposer toujours et partout de possibilit\u00e9s de raccordement USB suffisantes. De plus, gr\u00e2ce \u00e0 l&#8217;aluminium utilis\u00e9, le Hub est non seulement \u00e9l\u00e9gant, mais il r\u00e9siste aussi aux chocs.<br \/>\nEn bref<br \/>\nRaccordements 4x USB 3.0<br \/>\nDesign compact et mince<br \/>\nBo\u00eetier en aluminium [&#8230;]<\/p>\n<p><a class=\"btn btn-secondary understrap-read-more-link\" href=\"https:\/\/promz.be\/fr\/product\/xc001-usb-c-hub-4x-usb\/\">Lire la suite&#8230;<\/a><\/p>\n","protected":false},"featured_media":18818,"comment_status":"closed","ping_status":"closed","template":"","meta":[],"product_cat":[1006,956],"product_tag":[6148],"_links":{"self":[{"href":"https:\/\/promz.be\/fr\/wp-json\/wp\/v2\/product\/17951"}],"collection":[{"href":"https:\/\/promz.be\/fr\/wp-json\/wp\/v2\/product"}],"about":[{"href":"https:\/\/promz.be\/fr\/wp-json\/wp\/v2\/types\/product"}],"replies":[{"embeddable":true,"href":"https:\/\/promz.be\/fr\/wp-json\/wp\/v2\/comments?post=17951"}],"wp:featuredmedia":[{"embeddable":true,"href":"https:\/\/promz.be\/fr\/wp-json\/wp\/v2\/media\/18818"}],"wp:attachment":[{"href":"https:\/\/promz.be\/fr\/wp-json\/wp\/v2\/media?parent=17951"}],"wp:term":[{"taxonomy":"product_cat","embeddable":true,"href":"https:\/\/promz.be\/fr\/wp-json\/wp\/v2\/product_cat?post=17951"},{"taxonomy":"product_tag","embeddable":true,"href":"https:\/\/promz.be\/fr\/wp-json\/wp\/v2\/product_tag?post=17951"}],"curies":[{"name":"wp","href":"https:\/\/api.w.org\/{rel}","templated":true}]}}