{"id":17952,"date":"2018-09-26T00:00:00","date_gmt":"2018-10-22T22:00:00","guid":{"rendered":"https:\/\/promz.be\/product\/xc002-usb-c-hub-hdmi\/"},"modified":"2019-01-11T13:55:46","modified_gmt":"2019-01-11T12:55:46","slug":"xc002-usb-c-hub-hdmi","status":"publish","type":"product","link":"https:\/\/promz.be\/fr\/product\/xc002-usb-c-hub-hdmi\/","title":{"rendered":"XC002 USB-C Hub HDMI"},"content":{"rendered":"<p>Le Hub USB-C HDMI fait partie des s\u00e9ries Connected innovantes et \u00e9l\u00e9gantes. Les Hubs premiums de cette ligne ajoutent \u00e0 votre ordinateur portable les possibilit\u00e9s de raccordement dont vous avez besoin.<br \/>\nAvec le Hub USB-C HDMI, vous disposez toujours d&#8217;un raccordement HDMI pour connecter votre ordinateur portable \u00e0 un vid\u00e9oprojecteur ou autre moniteur, par exemple. Indispensable si vous donnez souvent des pr\u00e9sentations.<br \/>\nLa fonctionnalit\u00e9 est davantage renforc\u00e9e par le design compact et mince. De cette fa\u00e7on, le Hub s&#8217;emporte facilement et vous permet de connecter toujours et partout votre ordinateur portable par le biais d&#8217;un raccordement HDMI. De plus, gr\u00e2ce \u00e0 l&#8217;aluminium utilis\u00e9, le Hub est non seulement \u00e9l\u00e9gant, mais il r\u00e9siste aussi aux chocs.<br \/>\nEn bref<br \/>\nHDMI<br \/>\nDesign compact et mince<br \/>\nBo\u00eetier en aluminium<\/p>\n","protected":false},"excerpt":{"rendered":"<p>Le Hub USB-C HDMI fait partie des s\u00e9ries Connected innovantes et \u00e9l\u00e9gantes. Les Hubs premiums de cette ligne ajoutent \u00e0 votre ordinateur portable les possibilit\u00e9s de raccordement dont vous avez besoin.<br \/>\nAvec le Hub USB-C HDMI, vous disposez toujours d&#8217;un raccordement HDMI pour connecter votre ordinateur portable \u00e0 un vid\u00e9oprojecteur ou autre moniteur, par exemple. Indispensable si vous donnez souvent des pr\u00e9sentations.<br \/>\nLa fonctionnalit\u00e9 est davantage renforc\u00e9e par le design compact et mince. De cette fa\u00e7on, le Hub s&#8217;emporte facilement et vous permet de connecter toujours et partout votre ordinateur portable par le biais d&#8217;un raccordement HDMI. De plus, gr\u00e2ce \u00e0 l&#8217;aluminium utilis\u00e9, le Hub est non seulement \u00e9l\u00e9gant, mais il r\u00e9siste aussi aux chocs.<br \/>\nEn bref<br \/>\nHDMI<br \/>\nDesign compact et mince<br \/>\nBo\u00eetier en aluminium [&#8230;]<\/p>\n<p><a class=\"btn btn-secondary understrap-read-more-link\" href=\"https:\/\/promz.be\/fr\/product\/xc002-usb-c-hub-hdmi\/\">Lire la suite&#8230;<\/a><\/p>\n","protected":false},"featured_media":18698,"comment_status":"closed","ping_status":"closed","template":"","meta":[],"product_cat":[1006,956],"product_tag":[6148],"_links":{"self":[{"href":"https:\/\/promz.be\/fr\/wp-json\/wp\/v2\/product\/17952"}],"collection":[{"href":"https:\/\/promz.be\/fr\/wp-json\/wp\/v2\/product"}],"about":[{"href":"https:\/\/promz.be\/fr\/wp-json\/wp\/v2\/types\/product"}],"replies":[{"embeddable":true,"href":"https:\/\/promz.be\/fr\/wp-json\/wp\/v2\/comments?post=17952"}],"wp:featuredmedia":[{"embeddable":true,"href":"https:\/\/promz.be\/fr\/wp-json\/wp\/v2\/media\/18698"}],"wp:attachment":[{"href":"https:\/\/promz.be\/fr\/wp-json\/wp\/v2\/media?parent=17952"}],"wp:term":[{"taxonomy":"product_cat","embeddable":true,"href":"https:\/\/promz.be\/fr\/wp-json\/wp\/v2\/product_cat?post=17952"},{"taxonomy":"product_tag","embeddable":true,"href":"https:\/\/promz.be\/fr\/wp-json\/wp\/v2\/product_tag?post=17952"}],"curies":[{"name":"wp","href":"https:\/\/api.w.org\/{rel}","templated":true}]}}