{"id":17954,"date":"2018-06-14T00:00:00","date_gmt":"2018-06-17T22:00:00","guid":{"rendered":"https:\/\/promz.be\/product\/xc004-usb-c-hub-4-in-one\/"},"modified":"2019-01-11T15:21:02","modified_gmt":"2019-01-11T14:21:02","slug":"xc004-usb-c-hub-4-in-one","status":"publish","type":"product","link":"https:\/\/promz.be\/fr\/product\/xc004-usb-c-hub-4-in-one\/","title":{"rendered":"XC004 USB-C Hub 4-in-one"},"content":{"rendered":"<p>Le Hub USB-C 4-en-1 fait partie des s\u00e9ries Connected innovantes et \u00e9l\u00e9gantes. Les Hubs premiums de cette ligne ajoutent \u00e0 votre ordinateur portable les possibilit\u00e9s de raccordement dont vous avez besoin.<br \/>\nAvec le Hub USB-C 4-en-1, vous disposez toujours d&#8217;une connexion Ethernet pour connecter votre ordinateur portable via un c\u00e2ble r\u00e9seau. Par ailleurs, comme le Hub comporte deux raccordements USB 3.0 ultrarapides, vous pouvez utiliser votre connexion Ethernet mais aussi, par exemple, votre cl\u00e9 USB et un autre appareil USB.<br \/>\nLa fonctionnalit\u00e9 est davantage renforc\u00e9e par le design compact et mince. De cette fa\u00e7on, le Hub s&#8217;emporte facilement et vous permet d&#8217;utiliser toujours et partout votre ordinateur portable de fa\u00e7on optimale. De plus, gr\u00e2ce \u00e0 l&#8217;aluminium utilis\u00e9, le Hub est non seulement \u00e9l\u00e9gant, mais il r\u00e9siste aussi aux chocs.<br \/>\nEn bref<br \/>\nEthernet, 2x USB 3.0, USB-C<br \/>\nDesign compact et mince<br \/>\nBo\u00eetier en aluminium<\/p>\n","protected":false},"excerpt":{"rendered":"<p>Le Hub USB-C 4-en-1 fait partie des s\u00e9ries Connected innovantes et \u00e9l\u00e9gantes. Les Hubs premiums de cette ligne ajoutent \u00e0 votre ordinateur portable les possibilit\u00e9s de raccordement dont vous avez besoin.<br \/>\nAvec le Hub USB-C 4-en-1, vous disposez toujours d&#8217;une connexion Ethernet pour connecter votre ordinateur portable via un c\u00e2ble r\u00e9seau. Par ailleurs, comme le Hub comporte deux raccordements USB 3.0 ultrarapides, vous pouvez utiliser votre connexion Ethernet mais aussi, par exemple, votre cl\u00e9 USB et un autre appareil USB.<br \/>\nLa fonctionnalit\u00e9 est davantage renforc\u00e9e par le design compact et mince. De cette fa\u00e7on, le Hub s&#8217;emporte facilement et vous permet d&#8217;utiliser toujours et partout votre ordinateur portable de fa\u00e7on optimale. De plus, gr\u00e2ce \u00e0 l&#8217;aluminium utilis\u00e9, le Hub est non seulement \u00e9l\u00e9gant, mais il r\u00e9siste aussi aux chocs.<br \/>\nEn bref<br \/>\nEthernet, 2x USB 3.0, USB-C<br \/>\nDesign compact et mince<br \/>\nBo\u00eetier en aluminium [&#8230;]<\/p>\n<p><a class=\"btn btn-secondary understrap-read-more-link\" href=\"https:\/\/promz.be\/fr\/product\/xc004-usb-c-hub-4-in-one\/\">Lire la suite&#8230;<\/a><\/p>\n","protected":false},"featured_media":18988,"comment_status":"closed","ping_status":"closed","template":"","meta":[],"product_cat":[1006,956],"product_tag":[6148],"_links":{"self":[{"href":"https:\/\/promz.be\/fr\/wp-json\/wp\/v2\/product\/17954"}],"collection":[{"href":"https:\/\/promz.be\/fr\/wp-json\/wp\/v2\/product"}],"about":[{"href":"https:\/\/promz.be\/fr\/wp-json\/wp\/v2\/types\/product"}],"replies":[{"embeddable":true,"href":"https:\/\/promz.be\/fr\/wp-json\/wp\/v2\/comments?post=17954"}],"wp:featuredmedia":[{"embeddable":true,"href":"https:\/\/promz.be\/fr\/wp-json\/wp\/v2\/media\/18988"}],"wp:attachment":[{"href":"https:\/\/promz.be\/fr\/wp-json\/wp\/v2\/media?parent=17954"}],"wp:term":[{"taxonomy":"product_cat","embeddable":true,"href":"https:\/\/promz.be\/fr\/wp-json\/wp\/v2\/product_cat?post=17954"},{"taxonomy":"product_tag","embeddable":true,"href":"https:\/\/promz.be\/fr\/wp-json\/wp\/v2\/product_tag?post=17954"}],"curies":[{"name":"wp","href":"https:\/\/api.w.org\/{rel}","templated":true}]}}