{"id":17955,"date":"2018-11-14T00:00:00","date_gmt":"2018-08-19T22:00:00","guid":{"rendered":"https:\/\/promz.be\/product\/xc005-usb-c-hub-5-in-one\/"},"modified":"2019-01-11T14:42:32","modified_gmt":"2019-01-11T13:42:32","slug":"xc005-usb-c-hub-5-in-one","status":"publish","type":"product","link":"https:\/\/promz.be\/fr\/product\/xc005-usb-c-hub-5-in-one\/","title":{"rendered":"XC005 USB-C Hub 5-in-one"},"content":{"rendered":"<p>Le Hub USB-C 5-en-1 fait partie des s\u00e9ries Connected innovantes et \u00e9l\u00e9gantes. Les Hubs premiums de cette ligne ajoutent \u00e0 votre ordinateur portable les possibilit\u00e9s de raccordement dont vous avez besoin.<br \/>\nAvec le Hub USB-C 5-en-1, vous disposez toujours d&#8217;un raccordement HDMI pour connecter votre ordinateur portable \u00e0 un vid\u00e9oprojecteur ou autre moniteur, par exemple. Indispensable si vous donnez souvent des pr\u00e9sentations. Par ailleurs, le Hub dispose d&#8217;un lecteur de cartes SD + Micro SD pour copier facilement et rapidement vers votre ordinateur portable les photos que vous venez de prendre avec votre appareil photos. Le Hub comporte \u00e9galement une connexion Ethernet pour connecter votre ordinateur portable via un c\u00e2ble r\u00e9seau, et un raccordement USB 3.0 ultrarapide.<br \/>\nLa fonctionnalit\u00e9 est davantage renforc\u00e9e par le design compact et mince. De cette fa\u00e7on, le Hub s&#8217;emporte facilement et vous permet d&#8217;utiliser toujours et partout votre ordinateur portable de fa\u00e7on optimale. De plus, gr\u00e2ce \u00e0 l&#8217;aluminium utilis\u00e9, le Hub est non seulement \u00e9l\u00e9gant, mais il r\u00e9siste aussi aux chocs.<br \/>\nEn bref<br \/>\nEthernet, HDMI, SD + Micro SD, USB type C (unit\u00e9 de chargement PD) et USB 3.0.<br \/>\nDesign compact et mince<br \/>\nBo\u00eetier en aluminium<\/p>\n","protected":false},"excerpt":{"rendered":"<p>Le Hub USB-C 5-en-1 fait partie des s\u00e9ries Connected innovantes et \u00e9l\u00e9gantes. Les Hubs premiums de cette ligne ajoutent \u00e0 votre ordinateur portable les possibilit\u00e9s de raccordement dont vous avez besoin.<br \/>\nAvec le Hub USB-C 5-en-1, vous disposez toujours d&#8217;un raccordement HDMI pour connecter votre ordinateur portable \u00e0 un vid\u00e9oprojecteur ou autre moniteur, par exemple. Indispensable si vous donnez souvent des pr\u00e9sentations. Par ailleurs, le Hub dispose d&#8217;un lecteur de cartes SD + Micro SD pour copier facilement et rapidement vers votre ordinateur portable les photos que vous venez de prendre avec votre appareil photos. Le Hub comporte \u00e9galement une connexion Ethernet pour connecter votre ordinateur portable via un c\u00e2ble r\u00e9seau, et un raccordement USB 3.0 ultrarapide.<br \/>\nLa fonctionnalit\u00e9 est davantage renforc\u00e9e par le design compact et mince. De cette fa\u00e7on, le Hub s&#8217;emporte facilement et vous permet d&#8217;utiliser toujours et partout votre ordinateur portable de fa\u00e7on optimale. De plus, gr\u00e2ce \u00e0 l&#8217;aluminium utilis\u00e9, le Hub est non seulement \u00e9l\u00e9gant, mais il r\u00e9siste aussi aux chocs.<br \/>\nEn bref<br \/>\nEthernet, HDMI, SD + Micro SD, USB type C (unit\u00e9 de chargement PD) et USB 3.0.<br \/>\nDesign compact et mince<br \/>\nBo\u00eetier en aluminium [&#8230;]<\/p>\n<p><a class=\"btn btn-secondary understrap-read-more-link\" href=\"https:\/\/promz.be\/fr\/product\/xc005-usb-c-hub-5-in-one\/\">Lire la suite&#8230;<\/a><\/p>\n","protected":false},"featured_media":18820,"comment_status":"closed","ping_status":"closed","template":"","meta":[],"product_cat":[1006,956],"product_tag":[6148],"_links":{"self":[{"href":"https:\/\/promz.be\/fr\/wp-json\/wp\/v2\/product\/17955"}],"collection":[{"href":"https:\/\/promz.be\/fr\/wp-json\/wp\/v2\/product"}],"about":[{"href":"https:\/\/promz.be\/fr\/wp-json\/wp\/v2\/types\/product"}],"replies":[{"embeddable":true,"href":"https:\/\/promz.be\/fr\/wp-json\/wp\/v2\/comments?post=17955"}],"wp:featuredmedia":[{"embeddable":true,"href":"https:\/\/promz.be\/fr\/wp-json\/wp\/v2\/media\/18820"}],"wp:attachment":[{"href":"https:\/\/promz.be\/fr\/wp-json\/wp\/v2\/media?parent=17955"}],"wp:term":[{"taxonomy":"product_cat","embeddable":true,"href":"https:\/\/promz.be\/fr\/wp-json\/wp\/v2\/product_cat?post=17955"},{"taxonomy":"product_tag","embeddable":true,"href":"https:\/\/promz.be\/fr\/wp-json\/wp\/v2\/product_tag?post=17955"}],"curies":[{"name":"wp","href":"https:\/\/api.w.org\/{rel}","templated":true}]}}