{"id":18006,"date":"2018-06-21T00:00:00","date_gmt":"2019-01-11T07:51:14","guid":{"rendered":"https:\/\/promz.be\/product\/4148-sports-ripstop\/"},"modified":"2019-01-11T11:47:01","modified_gmt":"2019-01-11T10:47:01","slug":"4148-sports-ripstop","status":"publish","type":"product","link":"https:\/\/promz.be\/fr\/product\/4148-sports-ripstop\/","title":{"rendered":"4148 Sports Ripstop"},"content":{"rendered":"<p>Sports Ripstop \/ 6 Panneux \/ Structur\u00e9s \u00e0 profil surbaiss\u00e9 \/ Visi\u00e8re pr\u00e9-courb\u00e9e \/ Courte courroie recouverte de tissu<\/p>\n","protected":false},"excerpt":{"rendered":"<p>Sports Ripstop \/ 6 Panneux \/ Structur\u00e9s \u00e0 profil surbaiss\u00e9 \/ Visi\u00e8re pr\u00e9-courb\u00e9e \/ Courte courroie recouverte de tissu [&#8230;]<\/p>\n<p><a class=\"btn btn-secondary understrap-read-more-link\" href=\"https:\/\/promz.be\/fr\/product\/4148-sports-ripstop\/\">Lire la suite&#8230;<\/a><\/p>\n","protected":false},"featured_media":18397,"comment_status":"closed","ping_status":"closed","template":"","meta":[],"product_cat":[976,957,1001,955,1024],"product_tag":[6152],"_links":{"self":[{"href":"https:\/\/promz.be\/fr\/wp-json\/wp\/v2\/product\/18006"}],"collection":[{"href":"https:\/\/promz.be\/fr\/wp-json\/wp\/v2\/product"}],"about":[{"href":"https:\/\/promz.be\/fr\/wp-json\/wp\/v2\/types\/product"}],"replies":[{"embeddable":true,"href":"https:\/\/promz.be\/fr\/wp-json\/wp\/v2\/comments?post=18006"}],"wp:featuredmedia":[{"embeddable":true,"href":"https:\/\/promz.be\/fr\/wp-json\/wp\/v2\/media\/18397"}],"wp:attachment":[{"href":"https:\/\/promz.be\/fr\/wp-json\/wp\/v2\/media?parent=18006"}],"wp:term":[{"taxonomy":"product_cat","embeddable":true,"href":"https:\/\/promz.be\/fr\/wp-json\/wp\/v2\/product_cat?post=18006"},{"taxonomy":"product_tag","embeddable":true,"href":"https:\/\/promz.be\/fr\/wp-json\/wp\/v2\/product_tag?post=18006"}],"curies":[{"name":"wp","href":"https:\/\/api.w.org\/{rel}","templated":true}]}}