{"id":18007,"date":"2018-10-15T00:00:00","date_gmt":"2019-01-11T07:51:14","guid":{"rendered":"https:\/\/promz.be\/product\/4199-epais-coton-brosse\/"},"modified":"2019-01-11T10:41:01","modified_gmt":"2019-01-11T09:41:01","slug":"4199-epais-coton-brosse","status":"publish","type":"product","link":"https:\/\/promz.be\/fr\/product\/4199-epais-coton-brosse\/","title":{"rendered":"4199 \u00e9pais coton bross\u00e9"},"content":{"rendered":"<p>\u00e9pais coton bross\u00e9 \/ 6 Panneux \/ Structur\u00e9s \u00e0 profil surbaiss\u00e9 \/ Visi\u00e8re pr\u00e9-courb\u00e9e \/ Courte courroie recouverte de tissu<\/p>\n","protected":false},"excerpt":{"rendered":"<p>\u00e9pais coton bross\u00e9 \/ 6 Panneux \/ Structur\u00e9s \u00e0 profil surbaiss\u00e9 \/ Visi\u00e8re pr\u00e9-courb\u00e9e \/ Courte courroie recouverte de tissu [&#8230;]<\/p>\n<p><a class=\"btn btn-secondary understrap-read-more-link\" href=\"https:\/\/promz.be\/fr\/product\/4199-epais-coton-brosse\/\">Lire la suite&#8230;<\/a><\/p>\n","protected":false},"featured_media":18101,"comment_status":"closed","ping_status":"closed","template":"","meta":[],"product_cat":[1007,976,957,1001,955],"product_tag":[],"_links":{"self":[{"href":"https:\/\/promz.be\/fr\/wp-json\/wp\/v2\/product\/18007"}],"collection":[{"href":"https:\/\/promz.be\/fr\/wp-json\/wp\/v2\/product"}],"about":[{"href":"https:\/\/promz.be\/fr\/wp-json\/wp\/v2\/types\/product"}],"replies":[{"embeddable":true,"href":"https:\/\/promz.be\/fr\/wp-json\/wp\/v2\/comments?post=18007"}],"wp:featuredmedia":[{"embeddable":true,"href":"https:\/\/promz.be\/fr\/wp-json\/wp\/v2\/media\/18101"}],"wp:attachment":[{"href":"https:\/\/promz.be\/fr\/wp-json\/wp\/v2\/media?parent=18007"}],"wp:term":[{"taxonomy":"product_cat","embeddable":true,"href":"https:\/\/promz.be\/fr\/wp-json\/wp\/v2\/product_cat?post=18007"},{"taxonomy":"product_tag","embeddable":true,"href":"https:\/\/promz.be\/fr\/wp-json\/wp\/v2\/product_tag?post=18007"}],"curies":[{"name":"wp","href":"https:\/\/api.w.org\/{rel}","templated":true}]}}