{"id":18010,"date":"2018-07-13T00:00:00","date_gmt":"2019-01-11T07:51:14","guid":{"rendered":"https:\/\/promz.be\/product\/4079-serge-de-chino\/"},"modified":"2019-01-11T12:04:37","modified_gmt":"2019-01-11T11:04:37","slug":"4079-serge-de-chino","status":"publish","type":"product","link":"https:\/\/promz.be\/fr\/product\/4079-serge-de-chino\/","title":{"rendered":"4079 Serge de chino"},"content":{"rendered":"<p>Chino Twill \/  6 Panneux \/ Structur\u00e9s \u00e0 profil surbaiss\u00e9 \/ Visi\u00e8re pr\u00e9-courb\u00e9e<\/p>\n","protected":false},"excerpt":{"rendered":"<p>Chino Twill \/  6 Panneux \/ Structur\u00e9s \u00e0 profil surbaiss\u00e9 \/ Visi\u00e8re pr\u00e9-courb\u00e9e [&#8230;]<\/p>\n<p><a class=\"btn btn-secondary understrap-read-more-link\" href=\"https:\/\/promz.be\/fr\/product\/4079-serge-de-chino\/\">Lire la suite&#8230;<\/a><\/p>\n","protected":false},"featured_media":18456,"comment_status":"closed","ping_status":"closed","template":"","meta":[],"product_cat":[976,957,1001,955,967],"product_tag":[],"_links":{"self":[{"href":"https:\/\/promz.be\/fr\/wp-json\/wp\/v2\/product\/18010"}],"collection":[{"href":"https:\/\/promz.be\/fr\/wp-json\/wp\/v2\/product"}],"about":[{"href":"https:\/\/promz.be\/fr\/wp-json\/wp\/v2\/types\/product"}],"replies":[{"embeddable":true,"href":"https:\/\/promz.be\/fr\/wp-json\/wp\/v2\/comments?post=18010"}],"wp:featuredmedia":[{"embeddable":true,"href":"https:\/\/promz.be\/fr\/wp-json\/wp\/v2\/media\/18456"}],"wp:attachment":[{"href":"https:\/\/promz.be\/fr\/wp-json\/wp\/v2\/media?parent=18010"}],"wp:term":[{"taxonomy":"product_cat","embeddable":true,"href":"https:\/\/promz.be\/fr\/wp-json\/wp\/v2\/product_cat?post=18010"},{"taxonomy":"product_tag","embeddable":true,"href":"https:\/\/promz.be\/fr\/wp-json\/wp\/v2\/product_tag?post=18010"}],"curies":[{"name":"wp","href":"https:\/\/api.w.org\/{rel}","templated":true}]}}