{"id":18012,"date":"2018-09-27T00:00:00","date_gmt":"2019-01-11T07:51:14","guid":{"rendered":"https:\/\/promz.be\/product\/3816-tissu-americain-serge-superieur-et-mailles-de-filet-a-lendos-en-style-snap-back-pro\/"},"modified":"2019-01-11T11:19:08","modified_gmt":"2019-01-11T10:19:08","slug":"3816-tissu-americain-serge-superieur-et-mailles-de-filet-a-lendos-en-style-snap-back-pro","status":"publish","type":"product","link":"https:\/\/promz.be\/fr\/product\/3816-tissu-americain-serge-superieur-et-mailles-de-filet-a-lendos-en-style-snap-back-pro\/","title":{"rendered":"3816 Tissu am\u00e9ricain serg\u00e9 sup\u00e9rieur et mailles de filet \u00e0 l&#8217;endos en style snap back pro"},"content":{"rendered":"<p>Tissu am\u00e9ricain serg\u00e9 sup\u00e9rieur \/  6 Panneux Structur\u00e9s  \/ Visi\u00e8re plat \/ courroie en plastique \u00e0 double trou<\/p>\n","protected":false},"excerpt":{"rendered":"<p>Tissu am\u00e9ricain serg\u00e9 sup\u00e9rieur \/  6 Panneux Structur\u00e9s  \/ Visi\u00e8re plat \/ courroie en plastique \u00e0 double trou [&#8230;]<\/p>\n<p><a class=\"btn btn-secondary understrap-read-more-link\" href=\"https:\/\/promz.be\/fr\/product\/3816-tissu-americain-serge-superieur-et-mailles-de-filet-a-lendos-en-style-snap-back-pro\/\">Lire la suite&#8230;<\/a><\/p>\n","protected":false},"featured_media":18301,"comment_status":"closed","ping_status":"closed","template":"","meta":[],"product_cat":[976,957,1001,955,1024],"product_tag":[],"_links":{"self":[{"href":"https:\/\/promz.be\/fr\/wp-json\/wp\/v2\/product\/18012"}],"collection":[{"href":"https:\/\/promz.be\/fr\/wp-json\/wp\/v2\/product"}],"about":[{"href":"https:\/\/promz.be\/fr\/wp-json\/wp\/v2\/types\/product"}],"replies":[{"embeddable":true,"href":"https:\/\/promz.be\/fr\/wp-json\/wp\/v2\/comments?post=18012"}],"wp:featuredmedia":[{"embeddable":true,"href":"https:\/\/promz.be\/fr\/wp-json\/wp\/v2\/media\/18301"}],"wp:attachment":[{"href":"https:\/\/promz.be\/fr\/wp-json\/wp\/v2\/media?parent=18012"}],"wp:term":[{"taxonomy":"product_cat","embeddable":true,"href":"https:\/\/promz.be\/fr\/wp-json\/wp\/v2\/product_cat?post=18012"},{"taxonomy":"product_tag","embeddable":true,"href":"https:\/\/promz.be\/fr\/wp-json\/wp\/v2\/product_tag?post=18012"}],"curies":[{"name":"wp","href":"https:\/\/api.w.org\/{rel}","templated":true}]}}