{"id":18013,"date":"2018-11-09T00:00:00","date_gmt":"2019-01-11T07:51:14","guid":{"rendered":"https:\/\/promz.be\/product\/4138-tissu-americain-serge-superieur-avec-mailles-de-filet-a-larriere-en-style-snap-back-pro\/"},"modified":"2019-01-11T10:53:30","modified_gmt":"2019-01-11T09:53:30","slug":"4138-tissu-americain-serge-superieur-avec-mailles-de-filet-a-larriere-en-style-snap-back-pro","status":"publish","type":"product","link":"https:\/\/promz.be\/fr\/product\/4138-tissu-americain-serge-superieur-avec-mailles-de-filet-a-larriere-en-style-snap-back-pro\/","title":{"rendered":"4138 Tissu am\u00e9ricain serg\u00e9 sup\u00e9rieur avec mailles de filet \u00e0 l&#8217;arri\u00e8re en style snap back pro"},"content":{"rendered":"<p>Premium American Twill \/ Gestructureerde 6 panel cap \/ Flat peak met snapback pro sticker \/ Dubbel plastieke sluiting<\/p>\n","protected":false},"excerpt":{"rendered":"<p>Premium American Twill \/ Gestructureerde 6 panel cap \/ Flat peak met snapback pro sticker \/ Dubbel plastieke sluiting [&#8230;]<\/p>\n<p><a class=\"btn btn-secondary understrap-read-more-link\" href=\"https:\/\/promz.be\/fr\/product\/4138-tissu-americain-serge-superieur-avec-mailles-de-filet-a-larriere-en-style-snap-back-pro\/\">Lire la suite&#8230;<\/a><\/p>\n","protected":false},"featured_media":18177,"comment_status":"closed","ping_status":"closed","template":"","meta":[],"product_cat":[976,957,1001,955,1024],"product_tag":[],"_links":{"self":[{"href":"https:\/\/promz.be\/fr\/wp-json\/wp\/v2\/product\/18013"}],"collection":[{"href":"https:\/\/promz.be\/fr\/wp-json\/wp\/v2\/product"}],"about":[{"href":"https:\/\/promz.be\/fr\/wp-json\/wp\/v2\/types\/product"}],"replies":[{"embeddable":true,"href":"https:\/\/promz.be\/fr\/wp-json\/wp\/v2\/comments?post=18013"}],"wp:featuredmedia":[{"embeddable":true,"href":"https:\/\/promz.be\/fr\/wp-json\/wp\/v2\/media\/18177"}],"wp:attachment":[{"href":"https:\/\/promz.be\/fr\/wp-json\/wp\/v2\/media?parent=18013"}],"wp:term":[{"taxonomy":"product_cat","embeddable":true,"href":"https:\/\/promz.be\/fr\/wp-json\/wp\/v2\/product_cat?post=18013"},{"taxonomy":"product_tag","embeddable":true,"href":"https:\/\/promz.be\/fr\/wp-json\/wp\/v2\/product_tag?post=18013"}],"curies":[{"name":"wp","href":"https:\/\/api.w.org\/{rel}","templated":true}]}}