{"id":18019,"date":"2018-06-08T00:00:00","date_gmt":"2019-01-11T07:51:14","guid":{"rendered":"https:\/\/promz.be\/product\/4106-tissu-americain-serge-superieur-en-deux-tons-en-style-snap-back-pro\/"},"modified":"2019-01-11T11:40:07","modified_gmt":"2019-01-11T10:40:07","slug":"4106-tissu-americain-serge-superieur-en-deux-tons-en-style-snap-back-pro","status":"publish","type":"product","link":"https:\/\/promz.be\/fr\/product\/4106-tissu-americain-serge-superieur-en-deux-tons-en-style-snap-back-pro\/","title":{"rendered":"4106 Tissu am\u00e9ricain serg\u00e9 sup\u00e9rieur en deux tons en style snap back pro"},"content":{"rendered":"<p>Premium American Twill\/Gestructureerde 6 panel\/Flat peak\/Snapback pro sticker\/Plastic sluiting<\/p>\n","protected":false},"excerpt":{"rendered":"<p>Premium American Twill\/Gestructureerde 6 panel\/Flat peak\/Snapback pro sticker\/Plastic sluiting [&#8230;]<\/p>\n<p><a class=\"btn btn-secondary understrap-read-more-link\" href=\"https:\/\/promz.be\/fr\/product\/4106-tissu-americain-serge-superieur-en-deux-tons-en-style-snap-back-pro\/\">Lire la suite&#8230;<\/a><\/p>\n","protected":false},"featured_media":18365,"comment_status":"closed","ping_status":"closed","template":"","meta":[],"product_cat":[976,957,1001,955,1024],"product_tag":[],"_links":{"self":[{"href":"https:\/\/promz.be\/fr\/wp-json\/wp\/v2\/product\/18019"}],"collection":[{"href":"https:\/\/promz.be\/fr\/wp-json\/wp\/v2\/product"}],"about":[{"href":"https:\/\/promz.be\/fr\/wp-json\/wp\/v2\/types\/product"}],"replies":[{"embeddable":true,"href":"https:\/\/promz.be\/fr\/wp-json\/wp\/v2\/comments?post=18019"}],"wp:featuredmedia":[{"embeddable":true,"href":"https:\/\/promz.be\/fr\/wp-json\/wp\/v2\/media\/18365"}],"wp:attachment":[{"href":"https:\/\/promz.be\/fr\/wp-json\/wp\/v2\/media?parent=18019"}],"wp:term":[{"taxonomy":"product_cat","embeddable":true,"href":"https:\/\/promz.be\/fr\/wp-json\/wp\/v2\/product_cat?post=18019"},{"taxonomy":"product_tag","embeddable":true,"href":"https:\/\/promz.be\/fr\/wp-json\/wp\/v2\/product_tag?post=18019"}],"curies":[{"name":"wp","href":"https:\/\/api.w.org\/{rel}","templated":true}]}}