{"id":18031,"date":"2018-07-31T00:00:00","date_gmt":"2019-01-11T07:51:35","guid":{"rendered":"https:\/\/promz.be\/product\/4050-casquette-a-tissu-100-recycle-eco-terre\/"},"modified":"2019-01-11T12:16:02","modified_gmt":"2019-01-11T11:16:02","slug":"4050-casquette-a-tissu-100-recycle-eco-terre","status":"publish","type":"product","link":"https:\/\/promz.be\/fr\/product\/4050-casquette-a-tissu-100-recycle-eco-terre\/","title":{"rendered":"4050 Casquette \u00e0 tissu 100% recycl\u00e9 \u00e9co-terre"},"content":{"rendered":"<p>Earth friendly fabric \/ Gestructureerde 6 panel \/ Laag profiel \/ Pre-curved peak \/ Velcro sluiting<\/p>\n","protected":false},"excerpt":{"rendered":"<p>Earth friendly fabric \/ Gestructureerde 6 panel \/ Laag profiel \/ Pre-curved peak \/ Velcro sluiting [&#8230;]<\/p>\n<p><a class=\"btn btn-secondary understrap-read-more-link\" href=\"https:\/\/promz.be\/fr\/product\/4050-casquette-a-tissu-100-recycle-eco-terre\/\">Lire la suite&#8230;<\/a><\/p>\n","protected":false},"featured_media":18520,"comment_status":"closed","ping_status":"closed","template":"","meta":[],"product_cat":[980,976,957,1001,955],"product_tag":[4717],"_links":{"self":[{"href":"https:\/\/promz.be\/fr\/wp-json\/wp\/v2\/product\/18031"}],"collection":[{"href":"https:\/\/promz.be\/fr\/wp-json\/wp\/v2\/product"}],"about":[{"href":"https:\/\/promz.be\/fr\/wp-json\/wp\/v2\/types\/product"}],"replies":[{"embeddable":true,"href":"https:\/\/promz.be\/fr\/wp-json\/wp\/v2\/comments?post=18031"}],"wp:featuredmedia":[{"embeddable":true,"href":"https:\/\/promz.be\/fr\/wp-json\/wp\/v2\/media\/18520"}],"wp:attachment":[{"href":"https:\/\/promz.be\/fr\/wp-json\/wp\/v2\/media?parent=18031"}],"wp:term":[{"taxonomy":"product_cat","embeddable":true,"href":"https:\/\/promz.be\/fr\/wp-json\/wp\/v2\/product_cat?post=18031"},{"taxonomy":"product_tag","embeddable":true,"href":"https:\/\/promz.be\/fr\/wp-json\/wp\/v2\/product_tag?post=18031"}],"curies":[{"name":"wp","href":"https:\/\/api.w.org\/{rel}","templated":true}]}}