{"id":18036,"date":"2018-10-18T00:00:00","date_gmt":"2019-01-11T07:51:35","guid":{"rendered":"https:\/\/promz.be\/product\/4230-visiere-en-epais-coton-brosse\/"},"modified":"2019-01-11T10:43:19","modified_gmt":"2019-01-11T09:43:19","slug":"4230-visiere-en-epais-coton-brosse","status":"publish","type":"product","link":"https:\/\/promz.be\/fr\/product\/4230-visiere-en-epais-coton-brosse\/","title":{"rendered":"4230 Visi\u00e8re en \u00e9pais coton bross\u00e9"},"content":{"rendered":"<p>Cbrushed Heavy Cotton \/ Sun visor \/ Pre-curved peak \/ Velcro sluiting<\/p>\n","protected":false},"excerpt":{"rendered":"<p>Cbrushed Heavy Cotton \/ Sun visor \/ Pre-curved peak \/ Velcro sluiting [&#8230;]<\/p>\n<p><a class=\"btn btn-secondary understrap-read-more-link\" href=\"https:\/\/promz.be\/fr\/product\/4230-visiere-en-epais-coton-brosse\/\">Lire la suite&#8230;<\/a><\/p>\n","protected":false},"featured_media":18113,"comment_status":"closed","ping_status":"closed","template":"","meta":[],"product_cat":[976,957,1001,955,967],"product_tag":[],"_links":{"self":[{"href":"https:\/\/promz.be\/fr\/wp-json\/wp\/v2\/product\/18036"}],"collection":[{"href":"https:\/\/promz.be\/fr\/wp-json\/wp\/v2\/product"}],"about":[{"href":"https:\/\/promz.be\/fr\/wp-json\/wp\/v2\/types\/product"}],"replies":[{"embeddable":true,"href":"https:\/\/promz.be\/fr\/wp-json\/wp\/v2\/comments?post=18036"}],"wp:featuredmedia":[{"embeddable":true,"href":"https:\/\/promz.be\/fr\/wp-json\/wp\/v2\/media\/18113"}],"wp:attachment":[{"href":"https:\/\/promz.be\/fr\/wp-json\/wp\/v2\/media?parent=18036"}],"wp:term":[{"taxonomy":"product_cat","embeddable":true,"href":"https:\/\/promz.be\/fr\/wp-json\/wp\/v2\/product_cat?post=18036"},{"taxonomy":"product_tag","embeddable":true,"href":"https:\/\/promz.be\/fr\/wp-json\/wp\/v2\/product_tag?post=18036"}],"curies":[{"name":"wp","href":"https:\/\/api.w.org\/{rel}","templated":true}]}}