{"id":18043,"date":"2018-10-05T00:00:00","date_gmt":"2019-01-11T07:51:35","guid":{"rendered":"https:\/\/promz.be\/product\/4214-epais-coton-brosse-avec-bordure-reflechissante-et-etiquette-sur-visiere\/"},"modified":"2019-01-11T15:51:29","modified_gmt":"2019-01-11T14:51:29","slug":"4214-epais-coton-brosse-avec-bordure-reflechissante-et-etiquette-sur-visiere","status":"publish","type":"product","link":"https:\/\/promz.be\/fr\/product\/4214-epais-coton-brosse-avec-bordure-reflechissante-et-etiquette-sur-visiere\/","title":{"rendered":"4214 \u00e9pais coton bross\u00e9 avec bordure r\u00e9fl\u00e9chissante et \u00e9tiquette sur visi\u00e8re"},"content":{"rendered":"","protected":false},"excerpt":{"rendered":"<p> [&#8230;]<\/p>\n<p><a class=\"btn btn-secondary understrap-read-more-link\" href=\"https:\/\/promz.be\/fr\/product\/4214-epais-coton-brosse-avec-bordure-reflechissante-et-etiquette-sur-visiere\/\">Lire la suite&#8230;<\/a><\/p>\n","protected":false},"featured_media":18093,"comment_status":"closed","ping_status":"closed","template":"","meta":[],"product_cat":[976,957,1001,955,1024],"product_tag":[],"_links":{"self":[{"href":"https:\/\/promz.be\/fr\/wp-json\/wp\/v2\/product\/18043"}],"collection":[{"href":"https:\/\/promz.be\/fr\/wp-json\/wp\/v2\/product"}],"about":[{"href":"https:\/\/promz.be\/fr\/wp-json\/wp\/v2\/types\/product"}],"replies":[{"embeddable":true,"href":"https:\/\/promz.be\/fr\/wp-json\/wp\/v2\/comments?post=18043"}],"wp:featuredmedia":[{"embeddable":true,"href":"https:\/\/promz.be\/fr\/wp-json\/wp\/v2\/media\/18093"}],"wp:attachment":[{"href":"https:\/\/promz.be\/fr\/wp-json\/wp\/v2\/media?parent=18043"}],"wp:term":[{"taxonomy":"product_cat","embeddable":true,"href":"https:\/\/promz.be\/fr\/wp-json\/wp\/v2\/product_cat?post=18043"},{"taxonomy":"product_tag","embeddable":true,"href":"https:\/\/promz.be\/fr\/wp-json\/wp\/v2\/product_tag?post=18043"}],"curies":[{"name":"wp","href":"https:\/\/api.w.org\/{rel}","templated":true}]}}