{"id":18044,"date":"2018-07-06T00:00:00","date_gmt":"2019-01-11T07:51:35","guid":{"rendered":"https:\/\/promz.be\/product\/4015-epais-coton-brosse-avec-traces-de-pneu\/"},"modified":"2019-01-11T11:53:16","modified_gmt":"2019-01-11T10:53:16","slug":"4015-epais-coton-brosse-avec-traces-de-pneu","status":"publish","type":"product","link":"https:\/\/promz.be\/fr\/product\/4015-epais-coton-brosse-avec-traces-de-pneu\/","title":{"rendered":"4015 \u00e9pais coton bross\u00e9 avec traces de pneu"},"content":{"rendered":"<p>\u00e9pais coton bross\u00e9 \/ 6 panneaux structur\u00e9s \u00e0 profil surbaiss\u00e9 \/ Visi\u00e8re pr\u00e9-courb\u00e9e \/ Courte courroie recouverte de tissu<\/p>\n","protected":false},"excerpt":{"rendered":"<p>\u00e9pais coton bross\u00e9 \/ 6 panneaux structur\u00e9s \u00e0 profil surbaiss\u00e9 \/ Visi\u00e8re pr\u00e9-courb\u00e9e \/ Courte courroie recouverte de tissu [&#8230;]<\/p>\n<p><a class=\"btn btn-secondary understrap-read-more-link\" href=\"https:\/\/promz.be\/fr\/product\/4015-epais-coton-brosse-avec-traces-de-pneu\/\">Lire la suite&#8230;<\/a><\/p>\n","protected":false},"featured_media":18425,"comment_status":"closed","ping_status":"closed","template":"","meta":[],"product_cat":[976,957,1001,955,1024],"product_tag":[],"_links":{"self":[{"href":"https:\/\/promz.be\/fr\/wp-json\/wp\/v2\/product\/18044"}],"collection":[{"href":"https:\/\/promz.be\/fr\/wp-json\/wp\/v2\/product"}],"about":[{"href":"https:\/\/promz.be\/fr\/wp-json\/wp\/v2\/types\/product"}],"replies":[{"embeddable":true,"href":"https:\/\/promz.be\/fr\/wp-json\/wp\/v2\/comments?post=18044"}],"wp:featuredmedia":[{"embeddable":true,"href":"https:\/\/promz.be\/fr\/wp-json\/wp\/v2\/media\/18425"}],"wp:attachment":[{"href":"https:\/\/promz.be\/fr\/wp-json\/wp\/v2\/media?parent=18044"}],"wp:term":[{"taxonomy":"product_cat","embeddable":true,"href":"https:\/\/promz.be\/fr\/wp-json\/wp\/v2\/product_cat?post=18044"},{"taxonomy":"product_tag","embeddable":true,"href":"https:\/\/promz.be\/fr\/wp-json\/wp\/v2\/product_tag?post=18044"}],"curies":[{"name":"wp","href":"https:\/\/api.w.org\/{rel}","templated":true}]}}