{"id":18054,"date":"2018-10-25T00:00:00","date_gmt":"2019-01-11T07:51:55","guid":{"rendered":"https:\/\/promz.be\/product\/3026-casquette-de-securite-luminescente-avec-bordure-reflechissante\/"},"modified":"2019-01-11T10:47:20","modified_gmt":"2019-01-11T09:47:20","slug":"3026-casquette-de-securite-luminescente-avec-bordure-reflechissante","status":"publish","type":"product","link":"https:\/\/promz.be\/fr\/product\/3026-casquette-de-securite-luminescente-avec-bordure-reflechissante\/","title":{"rendered":"3026 Casquette de s\u00e9curit\u00e9 luminescente avec bordure r\u00e9fl\u00e9chissante"},"content":{"rendered":"<p>Luminescente \/ Structur\u00e9 \u00e0 profil surbaiss\u00e9 \/ visi\u00e8re pr\u00e9-courb\u00e9e \/ Courte courroie r\u00e9fl\u00e9chissante<\/p>\n","protected":false},"excerpt":{"rendered":"<p>Luminescente \/ Structur\u00e9 \u00e0 profil surbaiss\u00e9 \/ visi\u00e8re pr\u00e9-courb\u00e9e \/ Courte courroie r\u00e9fl\u00e9chissante [&#8230;]<\/p>\n<p><a class=\"btn btn-secondary understrap-read-more-link\" href=\"https:\/\/promz.be\/fr\/product\/3026-casquette-de-securite-luminescente-avec-bordure-reflechissante\/\">Lire la suite&#8230;<\/a><\/p>\n","protected":false},"featured_media":18147,"comment_status":"closed","ping_status":"closed","template":"","meta":[],"product_cat":[976,957,1001,955,967],"product_tag":[],"_links":{"self":[{"href":"https:\/\/promz.be\/fr\/wp-json\/wp\/v2\/product\/18054"}],"collection":[{"href":"https:\/\/promz.be\/fr\/wp-json\/wp\/v2\/product"}],"about":[{"href":"https:\/\/promz.be\/fr\/wp-json\/wp\/v2\/types\/product"}],"replies":[{"embeddable":true,"href":"https:\/\/promz.be\/fr\/wp-json\/wp\/v2\/comments?post=18054"}],"wp:featuredmedia":[{"embeddable":true,"href":"https:\/\/promz.be\/fr\/wp-json\/wp\/v2\/media\/18147"}],"wp:attachment":[{"href":"https:\/\/promz.be\/fr\/wp-json\/wp\/v2\/media?parent=18054"}],"wp:term":[{"taxonomy":"product_cat","embeddable":true,"href":"https:\/\/promz.be\/fr\/wp-json\/wp\/v2\/product_cat?post=18054"},{"taxonomy":"product_tag","embeddable":true,"href":"https:\/\/promz.be\/fr\/wp-json\/wp\/v2\/product_tag?post=18054"}],"curies":[{"name":"wp","href":"https:\/\/api.w.org\/{rel}","templated":true}]}}