{"id":18079,"date":"2018-06-06T00:00:00","date_gmt":"2018-06-21T22:00:00","guid":{"rendered":"https:\/\/promz.be\/product\/serviette-de-bain-personnalisee\/"},"modified":"2019-01-11T13:05:46","modified_gmt":"2019-01-11T12:05:46","slug":"serviette-de-bain-personnalisee","status":"publish","type":"product","link":"https:\/\/promz.be\/fr\/product\/serviette-de-bain-personnalisee\/","title":{"rendered":"Serviette de bain personnalis\u00e9e"},"content":{"rendered":"<p>Serviette de bain avec logo<\/p>\n<p>De Witte Lietaer est un fabricant international de linge, avec un \u00e9ventail de produits promotionnels, comme des serviettes de bain, des plaids, des peignoirs, des serviettes de plage, des bavoirs et des torchons\u2026 L\u2019entreprise belge joue un r\u00f4le important dans le d\u00e9veloppement et la production de marques priv\u00e9es, de cadeaux d\u2019entreprise, de programmes de fid\u00e9lit\u00e9 et de promotions pour diff\u00e9rents genres de soci\u00e9t\u00e9.<\/p>\n<p>Un produit de promotion utile<\/p>\n<p>Nos produits de textile sont fabriqu\u00e9s sur mesure, minutieusement et selon vos directives. Vous pouvez surprendre vos clients avec un produit de promotion utile : la serviette de bain avec logo est id\u00e9ale pour des programmes de fid\u00e9lit\u00e9 et de promotions. En plus, l&#8217;emballage est modifiable \u00e0 l&#8217;envi (p.ex. polybag, emballage cadeau, \u00e9tiquette marque priv\u00e9e). On cr\u00e9e avec vous des excellents produits personnalis\u00e9s !<\/p>\n","protected":false},"excerpt":{"rendered":"<p>Serviette de bain avec logo<\/p>\n<p>De Witte Lietaer est un fabricant international de linge, avec un \u00e9ventail de produits promotionnels, comme des serviettes de bain, des plaids, des peignoirs, des serviettes de plage, des bavoirs et des torchons\u2026 L\u2019entreprise belge joue un r\u00f4le important dans le d\u00e9veloppement et la production de marques priv\u00e9es, de cadeaux d\u2019entreprise, de programmes de fid\u00e9lit\u00e9 et de promotions pour diff\u00e9rents genres de soci\u00e9t\u00e9.<\/p>\n<p>Un produit de promotion utile<\/p>\n<p>Nos produits de textile sont fabriqu\u00e9s sur mesure, minutieusement et selon vos directives. Vous pouvez surprendre vos clients avec un produit de promotion utile : la serviette de bain avec logo est id\u00e9ale pour des programmes de fid\u00e9lit\u00e9 et de promotions. En plus, l&#8217;emballage est modifiable \u00e0 l&#8217;envi (p.ex. polybag, emballage cadeau, \u00e9tiquette marque priv\u00e9e). On cr\u00e9e avec vous des excellents produits personnalis\u00e9s ! [&#8230;]<\/p>\n<p><a class=\"btn btn-secondary understrap-read-more-link\" href=\"https:\/\/promz.be\/fr\/product\/serviette-de-bain-personnalisee\/\">Lire la suite&#8230;<\/a><\/p>\n","protected":false},"featured_media":18534,"comment_status":"closed","ping_status":"closed","template":"","meta":[],"product_cat":[946,957,1001,1000,949,963],"product_tag":[],"_links":{"self":[{"href":"https:\/\/promz.be\/fr\/wp-json\/wp\/v2\/product\/18079"}],"collection":[{"href":"https:\/\/promz.be\/fr\/wp-json\/wp\/v2\/product"}],"about":[{"href":"https:\/\/promz.be\/fr\/wp-json\/wp\/v2\/types\/product"}],"replies":[{"embeddable":true,"href":"https:\/\/promz.be\/fr\/wp-json\/wp\/v2\/comments?post=18079"}],"wp:featuredmedia":[{"embeddable":true,"href":"https:\/\/promz.be\/fr\/wp-json\/wp\/v2\/media\/18534"}],"wp:attachment":[{"href":"https:\/\/promz.be\/fr\/wp-json\/wp\/v2\/media?parent=18079"}],"wp:term":[{"taxonomy":"product_cat","embeddable":true,"href":"https:\/\/promz.be\/fr\/wp-json\/wp\/v2\/product_cat?post=18079"},{"taxonomy":"product_tag","embeddable":true,"href":"https:\/\/promz.be\/fr\/wp-json\/wp\/v2\/product_tag?post=18079"}],"curies":[{"name":"wp","href":"https:\/\/api.w.org\/{rel}","templated":true}]}}