{"id":19211,"date":"2018-09-13T00:00:00","date_gmt":"2018-07-25T22:00:00","guid":{"rendered":"https:\/\/promz.be\/product\/stylo-s30\/"},"modified":"2019-01-15T13:23:47","modified_gmt":"2019-01-15T12:23:47","slug":"stylo-s30","status":"publish","type":"product","link":"https:\/\/promz.be\/fr\/product\/stylo-s30\/","title":{"rendered":"Stylo S30"},"content":{"rendered":"<p>Design \u00e9l\u00e9gant en plastique ABS et d\u00e9cor de couleur. Conditionnement en bo\u00eetes de 100 pi\u00e8ces.<\/p>\n","protected":false},"excerpt":{"rendered":"<p>Design \u00e9l\u00e9gant en plastique ABS et d\u00e9cor de couleur. Conditionnement en bo\u00eetes de 100 pi\u00e8ces. [&#8230;]<\/p>\n<p><a class=\"btn btn-secondary understrap-read-more-link\" href=\"https:\/\/promz.be\/fr\/product\/stylo-s30\/\">Lire la suite&#8230;<\/a><\/p>\n","protected":false},"featured_media":19262,"comment_status":"closed","ping_status":"closed","template":"","meta":[],"product_cat":[974,951,1010],"product_tag":[],"_links":{"self":[{"href":"https:\/\/promz.be\/fr\/wp-json\/wp\/v2\/product\/19211"}],"collection":[{"href":"https:\/\/promz.be\/fr\/wp-json\/wp\/v2\/product"}],"about":[{"href":"https:\/\/promz.be\/fr\/wp-json\/wp\/v2\/types\/product"}],"replies":[{"embeddable":true,"href":"https:\/\/promz.be\/fr\/wp-json\/wp\/v2\/comments?post=19211"}],"wp:featuredmedia":[{"embeddable":true,"href":"https:\/\/promz.be\/fr\/wp-json\/wp\/v2\/media\/19262"}],"wp:attachment":[{"href":"https:\/\/promz.be\/fr\/wp-json\/wp\/v2\/media?parent=19211"}],"wp:term":[{"taxonomy":"product_cat","embeddable":true,"href":"https:\/\/promz.be\/fr\/wp-json\/wp\/v2\/product_cat?post=19211"},{"taxonomy":"product_tag","embeddable":true,"href":"https:\/\/promz.be\/fr\/wp-json\/wp\/v2\/product_tag?post=19211"}],"curies":[{"name":"wp","href":"https:\/\/api.w.org\/{rel}","templated":true}]}}