{"id":19213,"date":"2018-08-13T00:00:00","date_gmt":"2018-08-07T22:00:00","guid":{"rendered":"https:\/\/promz.be\/product\/stylo-script\/"},"modified":"2019-01-15T13:48:39","modified_gmt":"2019-01-15T12:48:39","slug":"stylo-script","status":"publish","type":"product","link":"https:\/\/promz.be\/fr\/product\/stylo-script\/","title":{"rendered":"Stylo Script"},"content":{"rendered":"<p>Stylo promo en plastique ABS de haute qualit\u00e9. Conditionnement en bo\u00eetes de 100 pi\u00e8ces.<\/p>\n","protected":false},"excerpt":{"rendered":"<p>Stylo promo en plastique ABS de haute qualit\u00e9. Conditionnement en bo\u00eetes de 100 pi\u00e8ces. [&#8230;]<\/p>\n<p><a class=\"btn btn-secondary understrap-read-more-link\" href=\"https:\/\/promz.be\/fr\/product\/stylo-script\/\">Lire la suite&#8230;<\/a><\/p>\n","protected":false},"featured_media":19314,"comment_status":"closed","ping_status":"closed","template":"","meta":[],"product_cat":[974,951,1010],"product_tag":[],"_links":{"self":[{"href":"https:\/\/promz.be\/fr\/wp-json\/wp\/v2\/product\/19213"}],"collection":[{"href":"https:\/\/promz.be\/fr\/wp-json\/wp\/v2\/product"}],"about":[{"href":"https:\/\/promz.be\/fr\/wp-json\/wp\/v2\/types\/product"}],"replies":[{"embeddable":true,"href":"https:\/\/promz.be\/fr\/wp-json\/wp\/v2\/comments?post=19213"}],"wp:featuredmedia":[{"embeddable":true,"href":"https:\/\/promz.be\/fr\/wp-json\/wp\/v2\/media\/19314"}],"wp:attachment":[{"href":"https:\/\/promz.be\/fr\/wp-json\/wp\/v2\/media?parent=19213"}],"wp:term":[{"taxonomy":"product_cat","embeddable":true,"href":"https:\/\/promz.be\/fr\/wp-json\/wp\/v2\/product_cat?post=19213"},{"taxonomy":"product_tag","embeddable":true,"href":"https:\/\/promz.be\/fr\/wp-json\/wp\/v2\/product_tag?post=19213"}],"curies":[{"name":"wp","href":"https:\/\/api.w.org\/{rel}","templated":true}]}}