{"id":19214,"date":"2018-09-19T00:00:00","date_gmt":"2018-06-12T22:00:00","guid":{"rendered":"https:\/\/promz.be\/product\/t-shirt-regent-150-gm%c2%b2\/"},"modified":"2019-01-15T13:28:49","modified_gmt":"2019-01-15T12:28:49","slug":"t-shirt-regent-150-gm%c2%b2-2","status":"publish","type":"product","link":"https:\/\/promz.be\/fr\/product\/t-shirt-regent-150-gm%c2%b2-2\/","title":{"rendered":"T-shirt Regent 150 g\/m\u00b2"},"content":{"rendered":"<p>100% coton Jersey semi-peign\u00e9 pr\u00e9-lav\u00e9 &#8211; 150 g\/m\u00b2. Fini avec une double surpiq\u00fbre. Livr\u00e9 pli\u00e9 par 10 pi\u00e8ces.<\/p>\n","protected":false},"excerpt":{"rendered":"<p>100% coton Jersey semi-peign\u00e9 pr\u00e9-lav\u00e9 &#8211; 150 g\/m\u00b2. Fini avec une double surpiq\u00fbre. Livr\u00e9 pli\u00e9 par 10 pi\u00e8ces. [&#8230;]<\/p>\n<p><a class=\"btn btn-secondary understrap-read-more-link\" href=\"https:\/\/promz.be\/fr\/product\/t-shirt-regent-150-gm%c2%b2-2\/\">Lire la suite&#8230;<\/a><\/p>\n","protected":false},"featured_media":19270,"comment_status":"closed","ping_status":"closed","template":"","meta":[],"product_cat":[1012,955,967],"product_tag":[],"_links":{"self":[{"href":"https:\/\/promz.be\/fr\/wp-json\/wp\/v2\/product\/19214"}],"collection":[{"href":"https:\/\/promz.be\/fr\/wp-json\/wp\/v2\/product"}],"about":[{"href":"https:\/\/promz.be\/fr\/wp-json\/wp\/v2\/types\/product"}],"replies":[{"embeddable":true,"href":"https:\/\/promz.be\/fr\/wp-json\/wp\/v2\/comments?post=19214"}],"wp:featuredmedia":[{"embeddable":true,"href":"https:\/\/promz.be\/fr\/wp-json\/wp\/v2\/media\/19270"}],"wp:attachment":[{"href":"https:\/\/promz.be\/fr\/wp-json\/wp\/v2\/media?parent=19214"}],"wp:term":[{"taxonomy":"product_cat","embeddable":true,"href":"https:\/\/promz.be\/fr\/wp-json\/wp\/v2\/product_cat?post=19214"},{"taxonomy":"product_tag","embeddable":true,"href":"https:\/\/promz.be\/fr\/wp-json\/wp\/v2\/product_tag?post=19214"}],"curies":[{"name":"wp","href":"https:\/\/api.w.org\/{rel}","templated":true}]}}