{"id":19216,"date":"2018-06-25T00:00:00","date_gmt":"2018-08-15T22:00:00","guid":{"rendered":"https:\/\/promz.be\/product\/t-shirt-exact-190-190-gm%c2%b2\/"},"modified":"2019-01-15T14:26:02","modified_gmt":"2019-01-15T13:26:02","slug":"t-shirt-exact-190-190-gm%c2%b2","status":"publish","type":"product","link":"https:\/\/promz.be\/fr\/product\/t-shirt-exact-190-190-gm%c2%b2\/","title":{"rendered":"T-shirt Exact 190 190 g\/m\u00b2"},"content":{"rendered":"<p>Fini avec coutures \u00e0 doubles bords broch\u00e9s. Tenue impeccable au lavage \u00e0 40\u00b0.<\/p>\n","protected":false},"excerpt":{"rendered":"<p>Fini avec coutures \u00e0 doubles bords broch\u00e9s. Tenue impeccable au lavage \u00e0 40\u00b0. [&#8230;]<\/p>\n<p><a class=\"btn btn-secondary understrap-read-more-link\" href=\"https:\/\/promz.be\/fr\/product\/t-shirt-exact-190-190-gm%c2%b2\/\">Lire la suite&#8230;<\/a><\/p>\n","protected":false},"featured_media":19348,"comment_status":"closed","ping_status":"closed","template":"","meta":[],"product_cat":[1012,955,967],"product_tag":[],"_links":{"self":[{"href":"https:\/\/promz.be\/fr\/wp-json\/wp\/v2\/product\/19216"}],"collection":[{"href":"https:\/\/promz.be\/fr\/wp-json\/wp\/v2\/product"}],"about":[{"href":"https:\/\/promz.be\/fr\/wp-json\/wp\/v2\/types\/product"}],"replies":[{"embeddable":true,"href":"https:\/\/promz.be\/fr\/wp-json\/wp\/v2\/comments?post=19216"}],"wp:featuredmedia":[{"embeddable":true,"href":"https:\/\/promz.be\/fr\/wp-json\/wp\/v2\/media\/19348"}],"wp:attachment":[{"href":"https:\/\/promz.be\/fr\/wp-json\/wp\/v2\/media?parent=19216"}],"wp:term":[{"taxonomy":"product_cat","embeddable":true,"href":"https:\/\/promz.be\/fr\/wp-json\/wp\/v2\/product_cat?post=19216"},{"taxonomy":"product_tag","embeddable":true,"href":"https:\/\/promz.be\/fr\/wp-json\/wp\/v2\/product_tag?post=19216"}],"curies":[{"name":"wp","href":"https:\/\/api.w.org\/{rel}","templated":true}]}}