{"id":19217,"date":"2018-08-06T00:00:00","date_gmt":"2018-07-31T22:00:00","guid":{"rendered":"https:\/\/promz.be\/product\/t-shirt-regent-fit-150-gm%c2%b2\/"},"modified":"2019-01-15T13:45:02","modified_gmt":"2019-01-15T12:45:02","slug":"t-shirt-regent-fit-150-gm%c2%b2","status":"publish","type":"product","link":"https:\/\/promz.be\/fr\/product\/t-shirt-regent-fit-150-gm%c2%b2\/","title":{"rendered":"T-shirt Regent FIT 150 g\/m\u00b2"},"content":{"rendered":"<p>100% ringspun coton semi-peign\u00e9. 150 g\/m\u00b2. Coup\u00e9 cousu. Livr\u00e9 pli\u00e9 par 10 pi\u00e8ces.<\/p>\n","protected":false},"excerpt":{"rendered":"<p>100% ringspun coton semi-peign\u00e9. 150 g\/m\u00b2. Coup\u00e9 cousu. Livr\u00e9 pli\u00e9 par 10 pi\u00e8ces. [&#8230;]<\/p>\n<p><a class=\"btn btn-secondary understrap-read-more-link\" href=\"https:\/\/promz.be\/fr\/product\/t-shirt-regent-fit-150-gm%c2%b2\/\">Lire la suite&#8230;<\/a><\/p>\n","protected":false},"featured_media":19310,"comment_status":"closed","ping_status":"closed","template":"","meta":[],"product_cat":[1012,955,967],"product_tag":[],"_links":{"self":[{"href":"https:\/\/promz.be\/fr\/wp-json\/wp\/v2\/product\/19217"}],"collection":[{"href":"https:\/\/promz.be\/fr\/wp-json\/wp\/v2\/product"}],"about":[{"href":"https:\/\/promz.be\/fr\/wp-json\/wp\/v2\/types\/product"}],"replies":[{"embeddable":true,"href":"https:\/\/promz.be\/fr\/wp-json\/wp\/v2\/comments?post=19217"}],"wp:featuredmedia":[{"embeddable":true,"href":"https:\/\/promz.be\/fr\/wp-json\/wp\/v2\/media\/19310"}],"wp:attachment":[{"href":"https:\/\/promz.be\/fr\/wp-json\/wp\/v2\/media?parent=19217"}],"wp:term":[{"taxonomy":"product_cat","embeddable":true,"href":"https:\/\/promz.be\/fr\/wp-json\/wp\/v2\/product_cat?post=19217"},{"taxonomy":"product_tag","embeddable":true,"href":"https:\/\/promz.be\/fr\/wp-json\/wp\/v2\/product_tag?post=19217"}],"curies":[{"name":"wp","href":"https:\/\/api.w.org\/{rel}","templated":true}]}}