{"id":19219,"date":"2018-08-24T00:00:00","date_gmt":"2018-10-21T22:00:00","guid":{"rendered":"https:\/\/promz.be\/product\/sweatshirt-hooded-full-zip-280-gm%c2%b2\/"},"modified":"2019-02-07T13:20:30","modified_gmt":"2019-02-07T12:20:30","slug":"sweatshirt-hooded-full-zip-280-gm%c2%b2","status":"publish","type":"product","link":"https:\/\/promz.be\/fr\/product\/sweatshirt-hooded-full-zip-280-gm%c2%b2\/","title":{"rendered":"Sweatshirt Hooded Full Zip 280 g\/m\u00b2"},"content":{"rendered":"<p>Capuchon 3 couches avec des boucles int\u00e9rieures pour \u00e9couteurs. Fini avec des oeillets m\u00e9talliques et cordon de serrage plat.<\/p>\n","protected":false},"excerpt":{"rendered":"<p>Capuchon 3 couches avec des boucles int\u00e9rieures pour \u00e9couteurs. Fini avec des oeillets m\u00e9talliques et cordon de serrage plat. [&#8230;]<\/p>\n<p><a class=\"btn btn-secondary understrap-read-more-link\" href=\"https:\/\/promz.be\/fr\/product\/sweatshirt-hooded-full-zip-280-gm%c2%b2\/\">Lire la suite&#8230;<\/a><\/p>\n","protected":false},"featured_media":19322,"comment_status":"closed","ping_status":"closed","template":"","meta":[],"product_cat":[955,967],"product_tag":[],"_links":{"self":[{"href":"https:\/\/promz.be\/fr\/wp-json\/wp\/v2\/product\/19219"}],"collection":[{"href":"https:\/\/promz.be\/fr\/wp-json\/wp\/v2\/product"}],"about":[{"href":"https:\/\/promz.be\/fr\/wp-json\/wp\/v2\/types\/product"}],"replies":[{"embeddable":true,"href":"https:\/\/promz.be\/fr\/wp-json\/wp\/v2\/comments?post=19219"}],"wp:featuredmedia":[{"embeddable":true,"href":"https:\/\/promz.be\/fr\/wp-json\/wp\/v2\/media\/19322"}],"wp:attachment":[{"href":"https:\/\/promz.be\/fr\/wp-json\/wp\/v2\/media?parent=19219"}],"wp:term":[{"taxonomy":"product_cat","embeddable":true,"href":"https:\/\/promz.be\/fr\/wp-json\/wp\/v2\/product_cat?post=19219"},{"taxonomy":"product_tag","embeddable":true,"href":"https:\/\/promz.be\/fr\/wp-json\/wp\/v2\/product_tag?post=19219"}],"curies":[{"name":"wp","href":"https:\/\/api.w.org\/{rel}","templated":true}]}}