{"id":19222,"date":"2018-07-26T00:00:00","date_gmt":"2018-09-16T22:00:00","guid":{"rendered":"https:\/\/promz.be\/product\/sweatshirt-snake-280-gm%c2%b2\/"},"modified":"2019-01-15T14:30:19","modified_gmt":"2019-01-15T13:30:19","slug":"sweatshirt-snake-280-gm%c2%b2","status":"publish","type":"product","link":"https:\/\/promz.be\/fr\/product\/sweatshirt-snake-280-gm%c2%b2\/","title":{"rendered":"Sweatshirt Snake 280 g\/m\u00b2"},"content":{"rendered":"<p>50% coton et 50% polyester. 280 g\/m\u00b2. Int\u00e9rieur gratt\u00e9 et manches mont\u00e9es. Livr\u00e9 pli\u00e9 par 5 pi\u00e8ces.<\/p>\n","protected":false},"excerpt":{"rendered":"<p>50% coton et 50% polyester. 280 g\/m\u00b2. Int\u00e9rieur gratt\u00e9 et manches mont\u00e9es. Livr\u00e9 pli\u00e9 par 5 pi\u00e8ces. [&#8230;]<\/p>\n<p><a class=\"btn btn-secondary understrap-read-more-link\" href=\"https:\/\/promz.be\/fr\/product\/sweatshirt-snake-280-gm%c2%b2\/\">Lire la suite&#8230;<\/a><\/p>\n","protected":false},"featured_media":19367,"comment_status":"closed","ping_status":"closed","template":"","meta":[],"product_cat":[955,967],"product_tag":[],"_links":{"self":[{"href":"https:\/\/promz.be\/fr\/wp-json\/wp\/v2\/product\/19222"}],"collection":[{"href":"https:\/\/promz.be\/fr\/wp-json\/wp\/v2\/product"}],"about":[{"href":"https:\/\/promz.be\/fr\/wp-json\/wp\/v2\/types\/product"}],"replies":[{"embeddable":true,"href":"https:\/\/promz.be\/fr\/wp-json\/wp\/v2\/comments?post=19222"}],"wp:featuredmedia":[{"embeddable":true,"href":"https:\/\/promz.be\/fr\/wp-json\/wp\/v2\/media\/19367"}],"wp:attachment":[{"href":"https:\/\/promz.be\/fr\/wp-json\/wp\/v2\/media?parent=19222"}],"wp:term":[{"taxonomy":"product_cat","embeddable":true,"href":"https:\/\/promz.be\/fr\/wp-json\/wp\/v2\/product_cat?post=19222"},{"taxonomy":"product_tag","embeddable":true,"href":"https:\/\/promz.be\/fr\/wp-json\/wp\/v2\/product_tag?post=19222"}],"curies":[{"name":"wp","href":"https:\/\/api.w.org\/{rel}","templated":true}]}}