{"id":19224,"date":"2018-09-04T00:00:00","date_gmt":"2018-10-16T22:00:00","guid":{"rendered":"https:\/\/promz.be\/product\/gilet-polaire-north-300gm%c2%b2\/"},"modified":"2019-01-15T13:55:03","modified_gmt":"2019-01-15T12:55:03","slug":"gilet-polaire-north-300gm%c2%b2","status":"publish","type":"product","link":"https:\/\/promz.be\/fr\/product\/gilet-polaire-north-300gm%c2%b2\/","title":{"rendered":"Gilet Polaire North 300g\/m\u00b2"},"content":{"rendered":"<p>100% maille polaire &#8211; 300g\/m\u00b2. Ferm\u00e9 par glissi\u00e8re, 2 poches c\u00f4t\u00e9s. Poignet \u00e9lastiques et demi-lune au dos. Emballage individuel.<\/p>\n","protected":false},"excerpt":{"rendered":"<p>100% maille polaire &#8211; 300g\/m\u00b2. Ferm\u00e9 par glissi\u00e8re, 2 poches c\u00f4t\u00e9s. Poignet \u00e9lastiques et demi-lune au dos. Emballage individuel. [&#8230;]<\/p>\n<p><a class=\"btn btn-secondary understrap-read-more-link\" href=\"https:\/\/promz.be\/fr\/product\/gilet-polaire-north-300gm%c2%b2\/\">Lire la suite&#8230;<\/a><\/p>\n","protected":false},"featured_media":19338,"comment_status":"closed","ping_status":"closed","template":"","meta":[],"product_cat":[955,967],"product_tag":[],"_links":{"self":[{"href":"https:\/\/promz.be\/fr\/wp-json\/wp\/v2\/product\/19224"}],"collection":[{"href":"https:\/\/promz.be\/fr\/wp-json\/wp\/v2\/product"}],"about":[{"href":"https:\/\/promz.be\/fr\/wp-json\/wp\/v2\/types\/product"}],"replies":[{"embeddable":true,"href":"https:\/\/promz.be\/fr\/wp-json\/wp\/v2\/comments?post=19224"}],"wp:featuredmedia":[{"embeddable":true,"href":"https:\/\/promz.be\/fr\/wp-json\/wp\/v2\/media\/19338"}],"wp:attachment":[{"href":"https:\/\/promz.be\/fr\/wp-json\/wp\/v2\/media?parent=19224"}],"wp:term":[{"taxonomy":"product_cat","embeddable":true,"href":"https:\/\/promz.be\/fr\/wp-json\/wp\/v2\/product_cat?post=19224"},{"taxonomy":"product_tag","embeddable":true,"href":"https:\/\/promz.be\/fr\/wp-json\/wp\/v2\/product_tag?post=19224"}],"curies":[{"name":"wp","href":"https:\/\/api.w.org\/{rel}","templated":true}]}}