{"id":19226,"date":"2018-08-24T00:00:00","date_gmt":"2018-10-21T22:00:00","guid":{"rendered":"https:\/\/promz.be\/product\/coupe-vent-surf\/"},"modified":"2019-01-15T13:52:17","modified_gmt":"2019-01-15T12:52:17","slug":"coupe-vent-surf","status":"publish","type":"product","link":"https:\/\/promz.be\/fr\/product\/coupe-vent-surf\/","title":{"rendered":"Coupe-vent Surf"},"content":{"rendered":"<p>Un classique pour toute saison ! 100% nylon imperm\u00e9able, 210T. Capuche pli\u00e9e dans le col et cordon \u00e9lastique r\u00e9glable. Livr\u00e9 pli\u00e9 par 5 pi\u00e8ces.<\/p>\n","protected":false},"excerpt":{"rendered":"<p>Un classique pour toute saison ! 100% nylon imperm\u00e9able, 210T. Capuche pli\u00e9e dans le col et cordon \u00e9lastique r\u00e9glable. Livr\u00e9 pli\u00e9 par 5 pi\u00e8ces. [&#8230;]<\/p>\n<p><a class=\"btn btn-secondary understrap-read-more-link\" href=\"https:\/\/promz.be\/fr\/product\/coupe-vent-surf\/\">Lire la suite&#8230;<\/a><\/p>\n","protected":false},"featured_media":19324,"comment_status":"closed","ping_status":"closed","template":"","meta":[],"product_cat":[955,967],"product_tag":[],"_links":{"self":[{"href":"https:\/\/promz.be\/fr\/wp-json\/wp\/v2\/product\/19226"}],"collection":[{"href":"https:\/\/promz.be\/fr\/wp-json\/wp\/v2\/product"}],"about":[{"href":"https:\/\/promz.be\/fr\/wp-json\/wp\/v2\/types\/product"}],"replies":[{"embeddable":true,"href":"https:\/\/promz.be\/fr\/wp-json\/wp\/v2\/comments?post=19226"}],"wp:featuredmedia":[{"embeddable":true,"href":"https:\/\/promz.be\/fr\/wp-json\/wp\/v2\/media\/19324"}],"wp:attachment":[{"href":"https:\/\/promz.be\/fr\/wp-json\/wp\/v2\/media?parent=19226"}],"wp:term":[{"taxonomy":"product_cat","embeddable":true,"href":"https:\/\/promz.be\/fr\/wp-json\/wp\/v2\/product_cat?post=19226"},{"taxonomy":"product_tag","embeddable":true,"href":"https:\/\/promz.be\/fr\/wp-json\/wp\/v2\/product_tag?post=19226"}],"curies":[{"name":"wp","href":"https:\/\/api.w.org\/{rel}","templated":true}]}}