{"id":19227,"date":"2018-11-02T00:00:00","date_gmt":"2018-07-26T22:00:00","guid":{"rendered":"https:\/\/promz.be\/product\/blouson-softshell-race-280-gm%c2%b2\/"},"modified":"2019-01-15T13:41:56","modified_gmt":"2019-01-15T12:41:56","slug":"blouson-softshell-race-280-gm%c2%b2","status":"publish","type":"product","link":"https:\/\/promz.be\/fr\/product\/blouson-softshell-race-280-gm%c2%b2\/","title":{"rendered":"Blouson Softshell Race 280 g\/m\u00b2"},"content":{"rendered":"<p>Un style sportif! 96% polyester et 4% \u00e9lasthanne &#8211; 280 g\/m\u00b2. Tissu respirant, imperm\u00e9able et coupe-vent. Livr\u00e9 pli\u00e9 par 5 pi\u00e8ces.<\/p>\n","protected":false},"excerpt":{"rendered":"<p>Un style sportif! 96% polyester et 4% \u00e9lasthanne &#8211; 280 g\/m\u00b2. Tissu respirant, imperm\u00e9able et coupe-vent. Livr\u00e9 pli\u00e9 par 5 pi\u00e8ces. [&#8230;]<\/p>\n<p><a class=\"btn btn-secondary understrap-read-more-link\" href=\"https:\/\/promz.be\/fr\/product\/blouson-softshell-race-280-gm%c2%b2\/\">Lire la suite&#8230;<\/a><\/p>\n","protected":false},"featured_media":19300,"comment_status":"closed","ping_status":"closed","template":"","meta":[],"product_cat":[955,1024,967],"product_tag":[],"_links":{"self":[{"href":"https:\/\/promz.be\/fr\/wp-json\/wp\/v2\/product\/19227"}],"collection":[{"href":"https:\/\/promz.be\/fr\/wp-json\/wp\/v2\/product"}],"about":[{"href":"https:\/\/promz.be\/fr\/wp-json\/wp\/v2\/types\/product"}],"replies":[{"embeddable":true,"href":"https:\/\/promz.be\/fr\/wp-json\/wp\/v2\/comments?post=19227"}],"wp:featuredmedia":[{"embeddable":true,"href":"https:\/\/promz.be\/fr\/wp-json\/wp\/v2\/media\/19300"}],"wp:attachment":[{"href":"https:\/\/promz.be\/fr\/wp-json\/wp\/v2\/media?parent=19227"}],"wp:term":[{"taxonomy":"product_cat","embeddable":true,"href":"https:\/\/promz.be\/fr\/wp-json\/wp\/v2\/product_cat?post=19227"},{"taxonomy":"product_tag","embeddable":true,"href":"https:\/\/promz.be\/fr\/wp-json\/wp\/v2\/product_tag?post=19227"}],"curies":[{"name":"wp","href":"https:\/\/api.w.org\/{rel}","templated":true}]}}