{"id":19236,"date":"2018-06-15T00:00:00","date_gmt":"2018-07-01T22:00:00","guid":{"rendered":"https:\/\/promz.be\/product\/briquet-elite\/"},"modified":"2019-02-07T13:19:35","modified_gmt":"2019-02-07T12:19:35","slug":"briquet-elite","status":"publish","type":"product","link":"https:\/\/promz.be\/fr\/product\/briquet-elite\/","title":{"rendered":"Briquet Elite"},"content":{"rendered":"<p>Briquet \u00e9l\u00e9ctronique rechargeable avec flamme auto-r\u00e9gul\u00e9e. Conforme aux normes ISO 9994 et avec s\u00e9curit\u00e9 enfant.<\/p>\n","protected":false},"excerpt":{"rendered":"<p>Briquet \u00e9l\u00e9ctronique rechargeable avec flamme auto-r\u00e9gul\u00e9e. Conforme aux normes ISO 9994 et avec s\u00e9curit\u00e9 enfant. [&#8230;]<\/p>\n<p><a class=\"btn btn-secondary understrap-read-more-link\" href=\"https:\/\/promz.be\/fr\/product\/briquet-elite\/\">Lire la suite&#8230;<\/a><\/p>\n","protected":false},"featured_media":19345,"comment_status":"closed","ping_status":"closed","template":"","meta":[],"product_cat":[950,958],"product_tag":[],"_links":{"self":[{"href":"https:\/\/promz.be\/fr\/wp-json\/wp\/v2\/product\/19236"}],"collection":[{"href":"https:\/\/promz.be\/fr\/wp-json\/wp\/v2\/product"}],"about":[{"href":"https:\/\/promz.be\/fr\/wp-json\/wp\/v2\/types\/product"}],"replies":[{"embeddable":true,"href":"https:\/\/promz.be\/fr\/wp-json\/wp\/v2\/comments?post=19236"}],"wp:featuredmedia":[{"embeddable":true,"href":"https:\/\/promz.be\/fr\/wp-json\/wp\/v2\/media\/19345"}],"wp:attachment":[{"href":"https:\/\/promz.be\/fr\/wp-json\/wp\/v2\/media?parent=19236"}],"wp:term":[{"taxonomy":"product_cat","embeddable":true,"href":"https:\/\/promz.be\/fr\/wp-json\/wp\/v2\/product_cat?post=19236"},{"taxonomy":"product_tag","embeddable":true,"href":"https:\/\/promz.be\/fr\/wp-json\/wp\/v2\/product_tag?post=19236"}],"curies":[{"name":"wp","href":"https:\/\/api.w.org\/{rel}","templated":true}]}}